{"id":462,"date":"2023-07-29T19:24:54","date_gmt":"2023-07-29T19:24:54","guid":{"rendered":"https:\/\/nextrackemtb.es\/?page_id=462"},"modified":"2023-08-02T11:26:40","modified_gmt":"2023-08-02T11:26:40","slug":"cube-stereo-hybrid-140-action-team-625-kiox-275-2022","status":"publish","type":"page","link":"https:\/\/nextrackemtb.es\/?page_id=462","title":{"rendered":"CUBE STEREO HYBRID 140 ACTION TEAM 625 KIOX 27&#8217;5&#8243; 2022"},"content":{"rendered":"\n\t\t<!-- MasterSlider -->\n\t\t<div id=\"P_MS64c6945834717\" class=\"master-slider-parent msl ms-parent-id-2\" style=\"max-width:800px;\">\n\n\t\t\t\n\t\t\t<!-- MasterSlider Main -->\n\t\t\t<div id=\"MS64c6945834717\" class=\"master-slider ms-skin-light-6 round-skin\" >\n\t\t\t\t \t\t\t\t \n\t\t\t\t<div  class=\"ms-slide\" data-delay=\"3\" data-fill-mode=\"fill\"  >\n\t\t\t\t\t<img decoding=\"async\" src=\"https:\/\/nextrackemtb.es\/wp-content\/plugins\/master-slider\/public\/assets\/css\/blank.gif\" alt=\"\" title=\"\" data-src=\"https:\/\/nextrackemtb.es\/wp-content\/uploads\/2023\/07\/2-cube-stereo-hybrid-140-action-team-625-kiox-27-5-2022-3.jpg\" \/>\n\n\n\t<img decoding=\"async\" class=\"ms-thumb\" src=\"https:\/\/nextrackemtb.es\/wp-content\/uploads\/2023\/07\/2-cube-stereo-hybrid-140-action-team-625-kiox-27-5-2022-3-100x80.jpg\" alt=\"\" \/>\n\t<div class=\"ms-thumb\" ><div class=\"ms-tab-context\"><div class=&quot;ms-tab-context&quot;><\/div><\/div>\n<\/div>\n\t\t\t\t<\/div>\n\t\t\t\t<div  class=\"ms-slide\" data-delay=\"3\" data-fill-mode=\"fill\"  >\n\t\t\t\t\t<img decoding=\"async\" src=\"https:\/\/nextrackemtb.es\/wp-content\/plugins\/master-slider\/public\/assets\/css\/blank.gif\" alt=\"\" title=\"\" data-src=\"https:\/\/nextrackemtb.es\/wp-content\/uploads\/2023\/07\/2.1-cube-stereo-hybrid-140-action-team-625-kiox-27-5-2022-800x400.jpg\" \/>\n\n\n\t<img decoding=\"async\" class=\"ms-thumb\" src=\"https:\/\/nextrackemtb.es\/wp-content\/uploads\/2023\/07\/2.1-cube-stereo-hybrid-140-action-team-625-kiox-27-5-2022-100x80.jpg\" alt=\"\" \/>\n\t<div class=\"ms-thumb\" ><div class=\"ms-tab-context\"><div class=&quot;ms-tab-context&quot;><\/div><\/div>\n<\/div>\n\t\t\t\t<\/div>\n\t\t\t\t<div  class=\"ms-slide\" data-delay=\"3\" data-fill-mode=\"fill\"  >\n\t\t\t\t\t<img decoding=\"async\" src=\"https:\/\/nextrackemtb.es\/wp-content\/plugins\/master-slider\/public\/assets\/css\/blank.gif\" alt=\"\" title=\"\" data-src=\"https:\/\/nextrackemtb.es\/wp-content\/uploads\/2023\/07\/2.2-cube-stereo-hybrid-140-action-team-625-kiox-27-5-2022-800x400.jpg\" \/>\n\n\n\t<img decoding=\"async\" class=\"ms-thumb\" src=\"https:\/\/nextrackemtb.es\/wp-content\/uploads\/2023\/07\/2.2-cube-stereo-hybrid-140-action-team-625-kiox-27-5-2022-100x80.jpg\" alt=\"\" \/>\n\t<div class=\"ms-thumb\" ><div class=\"ms-tab-context\"><div class=&quot;ms-tab-context&quot;><\/div><\/div>\n<\/div>\n\t\t\t\t<\/div>\n\t\t\t\t<div  class=\"ms-slide\" data-delay=\"3\" data-fill-mode=\"fill\"  >\n\t\t\t\t\t<img decoding=\"async\" src=\"https:\/\/nextrackemtb.es\/wp-content\/plugins\/master-slider\/public\/assets\/css\/blank.gif\" alt=\"\" title=\"\" data-src=\"https:\/\/nextrackemtb.es\/wp-content\/uploads\/2023\/07\/2.3-cube-stereo-hybrid-140-action-team-625-kiox-27-5-2022-800x400.jpg\" \/>\n\n\n\t<img decoding=\"async\" class=\"ms-thumb\" src=\"https:\/\/nextrackemtb.es\/wp-content\/uploads\/2023\/07\/2.3-cube-stereo-hybrid-140-action-team-625-kiox-27-5-2022-100x80.jpg\" alt=\"\" \/>\n\t<div class=\"ms-thumb\" ><div class=\"ms-tab-context\"><div class=&quot;ms-tab-context&quot;><\/div><\/div>\n<\/div>\n\t\t\t\t<\/div>\n\t\t\t\t<div  class=\"ms-slide\" data-delay=\"3\" data-fill-mode=\"fill\"  >\n\t\t\t\t\t<img decoding=\"async\" src=\"https:\/\/nextrackemtb.es\/wp-content\/plugins\/master-slider\/public\/assets\/css\/blank.gif\" alt=\"\" title=\"\" data-src=\"https:\/\/nextrackemtb.es\/wp-content\/uploads\/2023\/07\/2.4-cube-stereo-hybrid-140-action-team-625-kiox-27-5-2022-800x400.jpg\" \/>\n\n\n\t<img decoding=\"async\" class=\"ms-thumb\" src=\"https:\/\/nextrackemtb.es\/wp-content\/uploads\/2023\/07\/2.4-cube-stereo-hybrid-140-action-team-625-kiox-27-5-2022-100x80.jpg\" alt=\"\" \/>\n\t<div class=\"ms-thumb\" ><div class=\"ms-tab-context\"><div class=&quot;ms-tab-context&quot;><\/div><\/div>\n<\/div>\n\t\t\t\t<\/div>\n\t\t\t\t<div  class=\"ms-slide\" data-delay=\"3\" data-fill-mode=\"fill\"  >\n\t\t\t\t\t<img decoding=\"async\" src=\"https:\/\/nextrackemtb.es\/wp-content\/plugins\/master-slider\/public\/assets\/css\/blank.gif\" alt=\"\" title=\"\" data-src=\"https:\/\/nextrackemtb.es\/wp-content\/uploads\/2023\/07\/2.5-cube-stereo-hybrid-140-action-team-625-kiox-27-5-2022-800x400.jpg\" \/>\n\n\n\t<img decoding=\"async\" class=\"ms-thumb\" src=\"https:\/\/nextrackemtb.es\/wp-content\/uploads\/2023\/07\/2.5-cube-stereo-hybrid-140-action-team-625-kiox-27-5-2022-100x80.jpg\" alt=\"\" \/>\n\t<div class=\"ms-thumb\" ><div class=\"ms-tab-context\"><div class=&quot;ms-tab-context&quot;><\/div><\/div>\n<\/div>\n\t\t\t\t<\/div>\n\n\t\t\t<\/div>\n\t\t\t<!-- END MasterSlider Main -->\n\n\t\t\t \n\t\t<\/div>\n\t\t<!-- END MasterSlider -->\n\n\t\t<script>\n\t\t(function ( $ ) {\n\t\t\t\"use strict\";\n\n\t\t\t$(function () {\n\t\t\t\tvar masterslider_4717 = new MasterSlider();\n\n\t\t\t\t\/\/ slider controls\n\t\t\t\tmasterslider_4717.control('arrows'     ,{ autohide:false, overVideo:true  });\t\t\t\tmasterslider_4717.control('bullets'    ,{ autohide:false, overVideo:true, dir:'h', align:'bottom' , margin:10  });\n\n\t\t\t\tmasterslider_4717.control('thumblist'  ,{ autohide:false, overVideo:true, dir:'v', speed:17, inset:false, arrows:false, hover:false, customClass:'', align:'right',type:'thumbs', margin:1, width:100, height:80, space:1, fillMode:'fill'  });\n\t\t\t\tmasterslider_4717.control('scrollbar'  ,{ autohide:true, overVideo:true, dir:'h', inset:true, align:'top', color:'#404040' , margin:10  , width:4 });\n\t\t\t\tmasterslider_4717.control('circletimer',{ autohide:false, overVideo:true, color:'#A2A2A2', radius:4, stroke:10   });\n\t\t\t\t\/\/ slider setup\n\t\t\t\tmasterslider_4717.setup(\"MS64c6945834717\", {\n\t\t\t\t\t\twidth           : 800,\n\t\t\t\t\t\theight          : 400,\n\t\t\t\t\t\tminHeight       : 0,\n\t\t\t\t\t\tspace           : 0,\n\t\t\t\t\t\tstart           : 1,\n\t\t\t\t\t\tgrabCursor      : false,\n\t\t\t\t\t\tswipe           : false,\n\t\t\t\t\t\tmouse           : false,\n\t\t\t\t\t\tlayout          : \"boxed\",\n\t\t\t\t\t\twheel           : false,\n\t\t\t\t\t\tautoplay        : true,\n\t\t\t\t\t\tinstantStartLayers:false,\n\t\t\t\t\t\tloop            : false,\n\t\t\t\t\t\tshuffle         : false,\n\t\t\t\t\t\tpreload         : 0,\n\t\t\t\t\t\theightLimit     : true,\n\t\t\t\t\t\tautoHeight      : false,\n\t\t\t\t\t\tsmoothHeight    : true,\n\t\t\t\t\t\tendPause        : false,\n\t\t\t\t\t\toverPause       : false,\n\t\t\t\t\t\tfillMode        : \"fill\",\n\t\t\t\t\t\tcenterControls  : false,\n\t\t\t\t\t\tstartOnAppear   : false,\n\t\t\t\t\t\tlayersMode      : \"center\",\n\t\t\t\t\t\thideLayers      : false,\n\t\t\t\t\t\tfullscreenMargin: 0,\n\t\t\t\t\t\tspeed           : 30,\n\t\t\t\t\t\tdir             : \"h\",\n\t\t\t\t\t\tparallaxMode    : 'swipe',\n\t\t\t\t\t\tview            : \"fade\"\n\t\t\t\t});\n\n\t\t\t\t\n\t\t\t\twindow.masterslider_instances = window.masterslider_instances || [];\n\t\t\t\twindow.masterslider_instances.push( masterslider_4717 );\n\t\t\t });\n\n\t\t})(jQuery);\n\t\t<\/script>\n\n\n\n\n\n<hr class=\"wp-block-separator has-alpha-channel-opacity is-style-dots\"\/>\n\n\n\n<p>Las dimensiones compactas de la Stereo Hybrid 140 HPC 625 le dan una ventaja de agilidad sobre sus compa\u00f1eras m\u00e1s grandes, y con nuestro sistema de bater\u00eda modular y una fuente de energ\u00eda de 625&nbsp;Wh, tiene todo el poder que necesitas para tus aventuras de trail. La bater\u00eda y la unidad motriz Bosch CX de cuarta generaci\u00f3n est\u00e1n protegidas del polvo y la humedad, por supuesto. El eje trasero Boost 148, los grandes rodamientos de pivote y la colocaci\u00f3n interna de los cables se traducen en una excelente maniobrabilidad y un menor mantenimiento. Y nuestra geometr\u00eda All Mountain Geometry est\u00e1 cuidadosamente dise\u00f1ada para funcionar con la cinem\u00e1tica de suspensi\u00f3n y la unidad motriz de Bosch, para que disfrutes de una bicicleta estable, fiable y divertida.<\/p>\n\n\n\n<h2 class=\"wp-block-heading\"><a href=\"https:\/\/www.ibembike.es\/electricas\/2587-cube-stereo-hybrid-140-action-team-625-kiox-27-5-2022.html\" data-type=\"URL\" data-id=\"https:\/\/www.ibembike.es\/electricas\/2587-cube-stereo-hybrid-140-action-team-625-kiox-27-5-2022.html\">Donde comprarla !!<\/a><\/h2>\n","protected":false},"excerpt":{"rendered":"<p>Las dimensiones compactas de la Stereo Hybrid 140 HPC 625 le dan una ventaja de agilidad sobre sus compa\u00f1eras m\u00e1s grandes, y con nuestro sistema de bater\u00eda modular y una fuente de energ\u00eda de 625&nbsp;Wh, tiene todo el poder que necesitas para tus aventuras de trail. La bater\u00eda y la unidad motriz Bosch CX de [&hellip;]<\/p>\n","protected":false},"author":1,"featured_media":0,"parent":0,"menu_order":0,"comment_status":"closed","ping_status":"closed","template":"","meta":{"footnotes":""},"_links":{"self":[{"href":"https:\/\/nextrackemtb.es\/index.php?rest_route=\/wp\/v2\/pages\/462"}],"collection":[{"href":"https:\/\/nextrackemtb.es\/index.php?rest_route=\/wp\/v2\/pages"}],"about":[{"href":"https:\/\/nextrackemtb.es\/index.php?rest_route=\/wp\/v2\/types\/page"}],"author":[{"embeddable":true,"href":"https:\/\/nextrackemtb.es\/index.php?rest_route=\/wp\/v2\/users\/1"}],"replies":[{"embeddable":true,"href":"https:\/\/nextrackemtb.es\/index.php?rest_route=%2Fwp%2Fv2%2Fcomments&post=462"}],"version-history":[{"count":5,"href":"https:\/\/nextrackemtb.es\/index.php?rest_route=\/wp\/v2\/pages\/462\/revisions"}],"predecessor-version":[{"id":568,"href":"https:\/\/nextrackemtb.es\/index.php?rest_route=\/wp\/v2\/pages\/462\/revisions\/568"}],"wp:attachment":[{"href":"https:\/\/nextrackemtb.es\/index.php?rest_route=%2Fwp%2Fv2%2Fmedia&parent=462"}],"curies":[{"name":"wp","href":"https:\/\/api.w.org\/{rel}","templated":true}]}}