{"id":466,"date":"2023-07-29T19:27:00","date_gmt":"2023-07-29T19:27:00","guid":{"rendered":"https:\/\/nextrackemtb.es\/?page_id=466"},"modified":"2023-08-02T11:28:32","modified_gmt":"2023-08-02T11:28:32","slug":"haibike-allmtn-10","status":"publish","type":"page","link":"https:\/\/nextrackemtb.es\/?page_id=466","title":{"rendered":"HAIBIKE ALLMTN 10"},"content":{"rendered":"<div class=\"wp-block-image\">\n<figure class=\"aligncenter size-full\"><img fetchpriority=\"high\" decoding=\"async\" width=\"458\" height=\"458\" src=\"https:\/\/nextrackemtb.es\/wp-content\/uploads\/2023\/07\/3-haibike-allmtn-10-1.png\" alt=\"\" class=\"wp-image-467\" srcset=\"https:\/\/nextrackemtb.es\/wp-content\/uploads\/2023\/07\/3-haibike-allmtn-10-1.png 458w, https:\/\/nextrackemtb.es\/wp-content\/uploads\/2023\/07\/3-haibike-allmtn-10-1-300x300.png 300w, https:\/\/nextrackemtb.es\/wp-content\/uploads\/2023\/07\/3-haibike-allmtn-10-1-150x150.png 150w\" sizes=\"(max-width: 458px) 100vw, 458px\" \/><\/figure><\/div>\n\n\n<hr class=\"wp-block-separator has-alpha-channel-opacity is-style-dots\"\/>\n\n\n\n<p>\u00bfBuscas una eMTB vers\u00e1til y bien equipada con las mejores propiedades de subida y el m\u00e1ximo rendimiento en las bajadas? Entonces nuestra Haibike ALLMTN 10 te proporcionar\u00e1 numerosos momentos de fluidez en los senderos. Los diferentes tama\u00f1os de ruedas te ofrecen un comportamiento de rodaje c\u00f3modo en las bajadas y una tracci\u00f3n \u00f3ptima en las subidas. El compacto y potente motor Yamaha PW-X3 te permitir\u00e1 conquistar hasta las subidas m\u00e1s empinadas sin apenas sudar. Con los 720&nbsp;Wh de potencia de la bater\u00eda, tendr\u00e1s suficientes reservas para los recorridos largos, as\u00ed como podr\u00e1s aumentarla en 360&nbsp;Wh con el Range Extender opcional. La horquilla de suspensi\u00f3n neum\u00e1tica FOX 38 Factory Kashima de 160&nbsp;mm y los componentes de cambio y frenado Shimano Deore XT garantizan el placer de una conducci\u00f3n suave, incluso en los terrenos m\u00e1s complicados y llenos de obst\u00e1culos.<\/p>\n\n\n\n<h2 class=\"wp-block-heading\"><a href=\"https:\/\/www.ibembike.es\/electricas\/3307-haibike-allmtn-10.html\" data-type=\"URL\" data-id=\"https:\/\/www.ibembike.es\/electricas\/3307-haibike-allmtn-10.html\">Donde comprarla !!<\/a><\/h2>\n","protected":false},"excerpt":{"rendered":"<p>\u00bfBuscas una eMTB vers\u00e1til y bien equipada con las mejores propiedades de subida y el m\u00e1ximo rendimiento en las bajadas? Entonces nuestra Haibike ALLMTN 10 te proporcionar\u00e1 numerosos momentos de fluidez en los senderos. Los diferentes tama\u00f1os de ruedas te ofrecen un comportamiento de rodaje c\u00f3modo en las bajadas y una tracci\u00f3n \u00f3ptima en las [&hellip;]<\/p>\n","protected":false},"author":1,"featured_media":0,"parent":0,"menu_order":0,"comment_status":"closed","ping_status":"closed","template":"","meta":{"footnotes":""},"_links":{"self":[{"href":"https:\/\/nextrackemtb.es\/index.php?rest_route=\/wp\/v2\/pages\/466"}],"collection":[{"href":"https:\/\/nextrackemtb.es\/index.php?rest_route=\/wp\/v2\/pages"}],"about":[{"href":"https:\/\/nextrackemtb.es\/index.php?rest_route=\/wp\/v2\/types\/page"}],"author":[{"embeddable":true,"href":"https:\/\/nextrackemtb.es\/index.php?rest_route=\/wp\/v2\/users\/1"}],"replies":[{"embeddable":true,"href":"https:\/\/nextrackemtb.es\/index.php?rest_route=%2Fwp%2Fv2%2Fcomments&post=466"}],"version-history":[{"count":3,"href":"https:\/\/nextrackemtb.es\/index.php?rest_route=\/wp\/v2\/pages\/466\/revisions"}],"predecessor-version":[{"id":572,"href":"https:\/\/nextrackemtb.es\/index.php?rest_route=\/wp\/v2\/pages\/466\/revisions\/572"}],"wp:attachment":[{"href":"https:\/\/nextrackemtb.es\/index.php?rest_route=%2Fwp%2Fv2%2Fmedia&parent=466"}],"curies":[{"name":"wp","href":"https:\/\/api.w.org\/{rel}","templated":true}]}}