{"id":516,"date":"2023-07-30T17:02:47","date_gmt":"2023-07-30T17:02:47","guid":{"rendered":"https:\/\/nextrackemtb.es\/?page_id=516"},"modified":"2023-09-15T11:46:32","modified_gmt":"2023-09-15T11:46:32","slug":"haibike-nduro-7","status":"publish","type":"page","link":"https:\/\/nextrackemtb.es\/?page_id=516","title":{"rendered":"HAIBIKE NDURO 7"},"content":{"rendered":"\n\t\t<!-- MasterSlider -->\n\t\t<div id=\"P_MS64c69a95acb77\" class=\"master-slider-parent msl ms-parent-id-4\" style=\"max-width:800px;\">\n\n\t\t\t\n\t\t\t<!-- MasterSlider Main -->\n\t\t\t<div id=\"MS64c69a95acb77\" class=\"master-slider ms-skin-light-6 round-skin\" >\n\t\t\t\t \t\t\t\t \n\t\t\t\t<div  class=\"ms-slide\" data-delay=\"3\" data-fill-mode=\"fill\"  >\n\t\t\t\t\t<img decoding=\"async\" src=\"https:\/\/nextrackemtb.es\/wp-content\/plugins\/master-slider\/public\/assets\/css\/blank.gif\" alt=\"\" title=\"\" data-src=\"https:\/\/nextrackemtb.es\/wp-content\/uploads\/2023\/07\/4-haibike-nduro-7-1.png\" \/>\n\n\n\t<img decoding=\"async\" class=\"ms-thumb\" src=\"https:\/\/nextrackemtb.es\/wp-content\/uploads\/2023\/07\/4-haibike-nduro-7-1-100x80.png\" alt=\"\" \/>\n\t<div class=\"ms-thumb\" ><div class=\"ms-tab-context\"><div class=&quot;ms-tab-context&quot;><\/div><\/div>\n<\/div>\n\t\t\t\t<\/div>\n\t\t\t\t<div  class=\"ms-slide\" data-delay=\"3\" data-fill-mode=\"fill\"  >\n\t\t\t\t\t<img decoding=\"async\" src=\"https:\/\/nextrackemtb.es\/wp-content\/plugins\/master-slider\/public\/assets\/css\/blank.gif\" alt=\"\" title=\"\" data-src=\"https:\/\/nextrackemtb.es\/wp-content\/uploads\/2023\/07\/4.1-haibike-nduro-7.jpg\" \/>\n\n\n\t<img decoding=\"async\" class=\"ms-thumb\" src=\"https:\/\/nextrackemtb.es\/wp-content\/uploads\/2023\/07\/4.1-haibike-nduro-7-100x80.jpg\" alt=\"\" \/>\n\t<div class=\"ms-thumb\" ><div class=\"ms-tab-context\"><div class=&quot;ms-tab-context&quot;><\/div><\/div>\n<\/div>\n\t\t\t\t<\/div>\n\t\t\t\t<div  class=\"ms-slide\" data-delay=\"3\" data-fill-mode=\"fill\"  >\n\t\t\t\t\t<img decoding=\"async\" src=\"https:\/\/nextrackemtb.es\/wp-content\/plugins\/master-slider\/public\/assets\/css\/blank.gif\" alt=\"\" title=\"\" data-src=\"https:\/\/nextrackemtb.es\/wp-content\/uploads\/2023\/07\/4.2-haibike-nduro-7-800x400.jpg\" \/>\n\n\n\t<img decoding=\"async\" class=\"ms-thumb\" src=\"https:\/\/nextrackemtb.es\/wp-content\/uploads\/2023\/07\/4.2-haibike-nduro-7-100x80.jpg\" alt=\"\" \/>\n\t<div class=\"ms-thumb\" ><div class=\"ms-tab-context\"><div class=&quot;ms-tab-context&quot;><\/div><\/div>\n<\/div>\n\t\t\t\t<\/div>\n\t\t\t\t<div  class=\"ms-slide\" data-delay=\"3\" data-fill-mode=\"fill\"  >\n\t\t\t\t\t<img decoding=\"async\" src=\"https:\/\/nextrackemtb.es\/wp-content\/plugins\/master-slider\/public\/assets\/css\/blank.gif\" alt=\"\" title=\"\" data-src=\"https:\/\/nextrackemtb.es\/wp-content\/uploads\/2023\/07\/4.3-haibike-nduro-7-800x400.jpg\" \/>\n\n\n\t<img decoding=\"async\" class=\"ms-thumb\" src=\"https:\/\/nextrackemtb.es\/wp-content\/uploads\/2023\/07\/4.3-haibike-nduro-7-100x80.jpg\" alt=\"\" \/>\n\t<div class=\"ms-thumb\" ><div class=\"ms-tab-context\"><div class=&quot;ms-tab-context&quot;><\/div><\/div>\n<\/div>\n\t\t\t\t<\/div>\n\t\t\t\t<div  class=\"ms-slide\" data-delay=\"3\" data-fill-mode=\"fill\"  >\n\t\t\t\t\t<img decoding=\"async\" src=\"https:\/\/nextrackemtb.es\/wp-content\/plugins\/master-slider\/public\/assets\/css\/blank.gif\" alt=\"\" title=\"\" data-src=\"https:\/\/nextrackemtb.es\/wp-content\/uploads\/2023\/07\/4.4-haibike-nduro-7-800x400.jpg\" \/>\n\n\n\t<img decoding=\"async\" class=\"ms-thumb\" src=\"https:\/\/nextrackemtb.es\/wp-content\/uploads\/2023\/07\/4.4-haibike-nduro-7-100x80.jpg\" alt=\"\" \/>\n\t<div class=\"ms-thumb\" ><div class=\"ms-tab-context\"><div class=&quot;ms-tab-context&quot;><\/div><\/div>\n<\/div>\n\t\t\t\t<\/div>\n\t\t\t\t<div  class=\"ms-slide\" data-delay=\"3\" data-fill-mode=\"fill\"  >\n\t\t\t\t\t<img decoding=\"async\" src=\"https:\/\/nextrackemtb.es\/wp-content\/plugins\/master-slider\/public\/assets\/css\/blank.gif\" alt=\"\" title=\"\" data-src=\"https:\/\/nextrackemtb.es\/wp-content\/uploads\/2023\/07\/4.5-haibike-nduro-7-800x400.jpg\" \/>\n\n\n\t<img decoding=\"async\" class=\"ms-thumb\" src=\"https:\/\/nextrackemtb.es\/wp-content\/uploads\/2023\/07\/4.5-haibike-nduro-7-100x80.jpg\" alt=\"\" \/>\n\t<div class=\"ms-thumb\" ><div class=\"ms-tab-context\"><div class=&quot;ms-tab-context&quot;><\/div><\/div>\n<\/div>\n\t\t\t\t<\/div>\n\n\t\t\t<\/div>\n\t\t\t<!-- END MasterSlider Main -->\n\n\t\t\t \n\t\t<\/div>\n\t\t<!-- END MasterSlider -->\n\n\t\t<script>\n\t\t(function ( $ ) {\n\t\t\t\"use strict\";\n\n\t\t\t$(function () {\n\t\t\t\tvar masterslider_cb77 = new MasterSlider();\n\n\t\t\t\t\/\/ slider controls\n\t\t\t\tmasterslider_cb77.control('arrows'     ,{ autohide:false, overVideo:true  });\t\t\t\tmasterslider_cb77.control('bullets'    ,{ autohide:false, overVideo:true, dir:'h', align:'bottom' , margin:10  });\n\n\t\t\t\tmasterslider_cb77.control('thumblist'  ,{ autohide:false, overVideo:true, dir:'v', speed:17, inset:false, arrows:false, hover:false, customClass:'', align:'right',type:'thumbs', margin:1, width:100, height:80, space:1, fillMode:'fill'  });\n\t\t\t\tmasterslider_cb77.control('scrollbar'  ,{ autohide:true, overVideo:true, dir:'h', inset:true, align:'top', color:'#404040' , margin:10  , width:4 });\n\t\t\t\tmasterslider_cb77.control('circletimer',{ autohide:false, overVideo:true, color:'#A2A2A2', radius:4, stroke:10   });\n\t\t\t\t\/\/ slider setup\n\t\t\t\tmasterslider_cb77.setup(\"MS64c69a95acb77\", {\n\t\t\t\t\t\twidth           : 800,\n\t\t\t\t\t\theight          : 400,\n\t\t\t\t\t\tminHeight       : 0,\n\t\t\t\t\t\tspace           : 0,\n\t\t\t\t\t\tstart           : 1,\n\t\t\t\t\t\tgrabCursor      : false,\n\t\t\t\t\t\tswipe           : false,\n\t\t\t\t\t\tmouse           : false,\n\t\t\t\t\t\tlayout          : \"boxed\",\n\t\t\t\t\t\twheel           : false,\n\t\t\t\t\t\tautoplay        : true,\n\t\t\t\t\t\tinstantStartLayers:false,\n\t\t\t\t\t\tloop            : false,\n\t\t\t\t\t\tshuffle         : false,\n\t\t\t\t\t\tpreload         : 0,\n\t\t\t\t\t\theightLimit     : true,\n\t\t\t\t\t\tautoHeight      : false,\n\t\t\t\t\t\tsmoothHeight    : true,\n\t\t\t\t\t\tendPause        : false,\n\t\t\t\t\t\toverPause       : false,\n\t\t\t\t\t\tfillMode        : \"fill\",\n\t\t\t\t\t\tcenterControls  : false,\n\t\t\t\t\t\tstartOnAppear   : false,\n\t\t\t\t\t\tlayersMode      : \"center\",\n\t\t\t\t\t\thideLayers      : false,\n\t\t\t\t\t\tfullscreenMargin: 0,\n\t\t\t\t\t\tspeed           : 30,\n\t\t\t\t\t\tdir             : \"h\",\n\t\t\t\t\t\tparallaxMode    : 'swipe',\n\t\t\t\t\t\tview            : \"fade\"\n\t\t\t\t});\n\n\t\t\t\t\n\t\t\t\twindow.masterslider_instances = window.masterslider_instances || [];\n\t\t\t\twindow.masterslider_instances.push( masterslider_cb77 );\n\t\t\t });\n\n\t\t})(jQuery);\n\t\t<\/script>\n\n\n\n\n\n<hr class=\"wp-block-separator has-alpha-channel-opacity is-style-dots\"\/>\n\n\n\n<p>\u00bfBuscas una eMTB s\u00f3lida y \u00e1gil con un alto factor de diversi\u00f3n? Nuestra NDURO 7 se siente como en casa en los senderos complicados y es el juguete perfecto para los ciclistas freeriders y los amantes del bike park. El compacto y potente motor Yamaha PW-X3 con 85&nbsp;Nm de par hace que la conducci\u00f3n sea f\u00e1cil hasta el punto de entrada de tu sendero favorito. Gracias a la geometr\u00eda Fifty-Fifty, no tendr\u00e1s que sacrificar el rendimiento en las pendientes t\u00e9cnicas o en las bajadas complicadas. Y el tri\u00e1ngulo trasero progresivo con propiedades anticompresi\u00f3n te ofrece incluso m\u00e1s eficacia a la hora de subir cuestas. Con un recorrido frontal y trasero de 180&nbsp;mm, diferentes tama\u00f1os de ruedas y los frenos de disco Magura MT7, tienes todo lo que necesitas para comerte el mundo.<\/p>\n\n\n\n<ul>\n<li><strong>MOTOR<\/strong>: Yamaha, PW-X3, 250 W, 85 Nm<\/li>\n\n\n\n<li><strong>DISPLAY<\/strong>:Yamaha, Interface &#8211; X<\/li>\n\n\n\n<li><strong>BATER\u00cdA<\/strong>: InTube, 720 Wh<\/li>\n\n\n\n<li><strong>FAMILIA DEL CUADRO<\/strong>: Haibike, Nduro PW-X3 , Aluminium<\/li>\n\n\n\n<li><strong>HORQUILLA<\/strong>: FOX, Performance 38, Air, 180 mm travel, Aluminium steerer tube 1 1\/8&#8243; &#8211; 1 1\/2&#8243; tapered, 15 x 110mm thru-axle Boost<\/li>\n\n\n\n<li><strong>AMORTIGUADOR<\/strong>: FOX, Performance Float X2, Air, Trunnion Mount<\/li>\n\n\n\n<li><strong>BRAZO DE BIELA<\/strong>: Haibike Components, The Crank +++, Aluminium<\/li>\n\n\n\n<li><strong>FRENO (DELANTERO)<\/strong>: Magura, MT7, 4-piston disc brake<\/li>\n\n\n\n<li><strong>FRENO (TRASERO)<\/strong>: Magura, MT7, 4-piston disc brake<\/li>\n\n\n\n<li><strong>C\u00c1MARA<\/strong>: Presta valve<\/li>\n\n\n\n<li><strong>ABRAZADERA<\/strong>: Internal hexagon, 38.1 mm<\/li>\n\n\n\n<li><strong>CAMBIO<\/strong>: Shimano, SLX M7100<\/li>\n\n\n\n<li><strong>MANETA DE CAMBIO<\/strong>: Shimano, Deore SLX M7100<\/li>\n\n\n\n<li><strong>EJE DE PEDALIER<\/strong>: integrated in the motor<\/li>\n\n\n\n<li><strong>SPROCKET<\/strong>: Shimano, M6100, 10 &#8211; 51 teeth<\/li>\n\n\n\n<li><strong>CADENA<\/strong>: Shimano, CN-M6100<\/li>\n\n\n\n<li><strong>PLATO (DELANTERO)<\/strong>: Aluminium, 36 teeth<\/li>\n\n\n\n<li><strong>GU\u00cdA DE CADENA<\/strong>: Nylon directmount<\/li>\n\n\n\n<li><strong>MANETA DE FRENO<\/strong>: Magura, MT7 HC-lever<\/li>\n\n\n\n<li><strong>DISCO DE FRENO (DELANTERO)<\/strong>: Magura, MDR-C 203, 203 mm<\/li>\n\n\n\n<li><strong>DISCO DE FRENO (TRASERO)<\/strong>: Magura, MDR-C 203, 203 mm<\/li>\n\n\n\n<li><strong>MODELO<\/strong>: Schwalbe, Magic Mary Evo TLE, 29 x 2.4 inch<\/li>\n\n\n\n<li><strong>SET DE RUEDAS:<\/strong>&nbsp;Mavic, E- Deemax<\/li>\n\n\n\n<li><strong>MANILLAR<\/strong>: Haibike Components, TheBar +++, 780 mm<\/li>\n\n\n\n<li><strong>PU\u00d1OS<\/strong>: Haibike, MTB grips<\/li>\n\n\n\n<li><strong>POTENCIA<\/strong>: Haibike Components, TheStem 2, A-head, 31.8 mm<\/li>\n\n\n\n<li><strong>DIRECCI\u00d3N<\/strong>: Acros, BlockLock, Aluminium<\/li>\n\n\n\n<li><strong>SILL\u00cdN<\/strong>: fi&#8217;zi:k, Terra Aidon X5-160<\/li>\n\n\n\n<li><strong>SEAT POST<\/strong>: Haibike Components, Dropper-Post Remote 34.9, Aluminium, Telescope, 34.9 mm<\/li>\n\n\n\n<li><strong>PEDALES<\/strong>: Freeridepedal, Aluminium, with Reflector<\/li>\n\n\n\n<li><strong>PESO M\u00c1XIMO (KG):<\/strong>&nbsp;120.0 kg<\/li>\n\n\n\n<li><strong>MODELO (TRASERO)<\/strong>: Schwalbe, Big Betty Evo Gravity, 65-584, 27.5 x 2.6 inch<\/li>\n<\/ul>\n\n\n\n<h2 class=\"wp-block-heading\"><a href=\"https:\/\/www.ibembike.es\/electricas\/3360-haibike-nduro-7.html\">Donde comprarla !!<\/a><\/h2>\n","protected":false},"excerpt":{"rendered":"<p>\u00bfBuscas una eMTB s\u00f3lida y \u00e1gil con un alto factor de diversi\u00f3n? Nuestra NDURO 7 se siente como en casa en los senderos complicados y es el juguete perfecto para los ciclistas freeriders y los amantes del bike park. El compacto y potente motor Yamaha PW-X3 con 85&nbsp;Nm de par hace que la conducci\u00f3n sea [&hellip;]<\/p>\n","protected":false},"author":1,"featured_media":0,"parent":0,"menu_order":0,"comment_status":"closed","ping_status":"closed","template":"","meta":{"footnotes":""},"_links":{"self":[{"href":"https:\/\/nextrackemtb.es\/index.php?rest_route=\/wp\/v2\/pages\/516"}],"collection":[{"href":"https:\/\/nextrackemtb.es\/index.php?rest_route=\/wp\/v2\/pages"}],"about":[{"href":"https:\/\/nextrackemtb.es\/index.php?rest_route=\/wp\/v2\/types\/page"}],"author":[{"embeddable":true,"href":"https:\/\/nextrackemtb.es\/index.php?rest_route=\/wp\/v2\/users\/1"}],"replies":[{"embeddable":true,"href":"https:\/\/nextrackemtb.es\/index.php?rest_route=%2Fwp%2Fv2%2Fcomments&post=516"}],"version-history":[{"count":6,"href":"https:\/\/nextrackemtb.es\/index.php?rest_route=\/wp\/v2\/pages\/516\/revisions"}],"predecessor-version":[{"id":961,"href":"https:\/\/nextrackemtb.es\/index.php?rest_route=\/wp\/v2\/pages\/516\/revisions\/961"}],"wp:attachment":[{"href":"https:\/\/nextrackemtb.es\/index.php?rest_route=%2Fwp%2Fv2%2Fmedia&parent=516"}],"curies":[{"name":"wp","href":"https:\/\/api.w.org\/{rel}","templated":true}]}}