{"id":542,"date":"2023-07-30T17:28:15","date_gmt":"2023-07-30T17:28:15","guid":{"rendered":"https:\/\/nextrackemtb.es\/?page_id=542"},"modified":"2023-08-02T11:27:29","modified_gmt":"2023-08-02T11:27:29","slug":"cube-stereo-hybrid-140-hpc-tm-750-2023","status":"publish","type":"page","link":"https:\/\/nextrackemtb.es\/?page_id=542","title":{"rendered":"CUBE STEREO HYBRID 140 HPC TM 750 2023"},"content":{"rendered":"\n\t\t<!-- MasterSlider -->\n\t\t<div id=\"P_MS64ca377c3e0fe\" class=\"master-slider-parent msl ms-parent-id-6\" style=\"max-width:800px;\">\n\n\t\t\t\n\t\t\t<!-- MasterSlider Main -->\n\t\t\t<div id=\"MS64ca377c3e0fe\" class=\"master-slider ms-skin-light-6 round-skin\" >\n\t\t\t\t \t\t\t\t \n\t\t\t\t<div  class=\"ms-slide\" data-delay=\"3\" data-fill-mode=\"fill\"  >\n\t\t\t\t\t<img decoding=\"async\" src=\"https:\/\/nextrackemtb.es\/wp-content\/plugins\/master-slider\/public\/assets\/css\/blank.gif\" alt=\"\" title=\"\" data-src=\"https:\/\/nextrackemtb.es\/wp-content\/uploads\/2023\/07\/6-cube-stereo-hybrid-140-hpc-tm-750-2023-1-800x400.jpg\" \/>\n\n\n\t<img decoding=\"async\" class=\"ms-thumb\" src=\"https:\/\/nextrackemtb.es\/wp-content\/uploads\/2023\/07\/6-cube-stereo-hybrid-140-hpc-tm-750-2023-1-100x80.jpg\" alt=\"\" \/>\n\t<div class=\"ms-thumb\" ><div class=\"ms-tab-context\"><div class=&quot;ms-tab-context&quot;><\/div><\/div>\n<\/div>\n\t\t\t\t<\/div>\n\t\t\t\t<div  class=\"ms-slide\" data-delay=\"3\" data-fill-mode=\"fill\"  >\n\t\t\t\t\t<img decoding=\"async\" src=\"https:\/\/nextrackemtb.es\/wp-content\/plugins\/master-slider\/public\/assets\/css\/blank.gif\" alt=\"\" title=\"\" data-src=\"https:\/\/nextrackemtb.es\/wp-content\/uploads\/2023\/07\/6.1-cube-stereo-hybrid-140-hpc-tm-750-2023-800x400.jpg\" \/>\n\n\n\t<img decoding=\"async\" class=\"ms-thumb\" src=\"https:\/\/nextrackemtb.es\/wp-content\/uploads\/2023\/07\/6.1-cube-stereo-hybrid-140-hpc-tm-750-2023-100x80.jpg\" alt=\"\" \/>\n\t<div class=\"ms-thumb\" ><div class=\"ms-tab-context\"><div class=&quot;ms-tab-context&quot;><\/div><\/div>\n<\/div>\n\t\t\t\t<\/div>\n\t\t\t\t<div  class=\"ms-slide\" data-delay=\"3\" data-fill-mode=\"fill\"  >\n\t\t\t\t\t<img decoding=\"async\" src=\"https:\/\/nextrackemtb.es\/wp-content\/plugins\/master-slider\/public\/assets\/css\/blank.gif\" alt=\"\" title=\"\" data-src=\"https:\/\/nextrackemtb.es\/wp-content\/uploads\/2023\/07\/6.2-cube-stereo-hybrid-140-hpc-tm-750-2023-800x400.jpg\" \/>\n\n\n\t<img decoding=\"async\" class=\"ms-thumb\" src=\"https:\/\/nextrackemtb.es\/wp-content\/uploads\/2023\/07\/6.2-cube-stereo-hybrid-140-hpc-tm-750-2023-100x80.jpg\" alt=\"\" \/>\n\t<div class=\"ms-thumb\" ><div class=\"ms-tab-context\"><div class=&quot;ms-tab-context&quot;><\/div><\/div>\n<\/div>\n\t\t\t\t<\/div>\n\t\t\t\t<div  class=\"ms-slide\" data-delay=\"3\" data-fill-mode=\"fill\"  >\n\t\t\t\t\t<img decoding=\"async\" src=\"https:\/\/nextrackemtb.es\/wp-content\/plugins\/master-slider\/public\/assets\/css\/blank.gif\" alt=\"\" title=\"\" data-src=\"https:\/\/nextrackemtb.es\/wp-content\/uploads\/2023\/07\/6.3-cube-stereo-hybrid-140-hpc-tm-750-2023-800x400.jpg\" \/>\n\n\n\t<img decoding=\"async\" class=\"ms-thumb\" src=\"https:\/\/nextrackemtb.es\/wp-content\/uploads\/2023\/07\/6.3-cube-stereo-hybrid-140-hpc-tm-750-2023-100x80.jpg\" alt=\"\" \/>\n\t<div class=\"ms-thumb\" ><div class=\"ms-tab-context\"><div class=&quot;ms-tab-context&quot;><\/div><\/div>\n<\/div>\n\t\t\t\t<\/div>\n\t\t\t\t<div  class=\"ms-slide\" data-delay=\"3\" data-fill-mode=\"fill\"  >\n\t\t\t\t\t<img decoding=\"async\" src=\"https:\/\/nextrackemtb.es\/wp-content\/plugins\/master-slider\/public\/assets\/css\/blank.gif\" alt=\"\" title=\"\" data-src=\"https:\/\/nextrackemtb.es\/wp-content\/uploads\/2023\/07\/6.4-cube-stereo-hybrid-140-hpc-tm-750-2023-800x400.jpg\" \/>\n\n\n\t<img decoding=\"async\" class=\"ms-thumb\" src=\"https:\/\/nextrackemtb.es\/wp-content\/uploads\/2023\/07\/6.4-cube-stereo-hybrid-140-hpc-tm-750-2023-100x80.jpg\" alt=\"\" \/>\n\t<div class=\"ms-thumb\" ><div class=\"ms-tab-context\"><div class=&quot;ms-tab-context&quot;><\/div><\/div>\n<\/div>\n\t\t\t\t<\/div>\n\t\t\t\t<div  class=\"ms-slide\" data-delay=\"3\" data-fill-mode=\"fill\"  >\n\t\t\t\t\t<img decoding=\"async\" src=\"https:\/\/nextrackemtb.es\/wp-content\/plugins\/master-slider\/public\/assets\/css\/blank.gif\" alt=\"\" title=\"\" data-src=\"https:\/\/nextrackemtb.es\/wp-content\/uploads\/2023\/07\/6.5-cube-stereo-hybrid-140-hpc-tm-750-2023-800x400.jpg\" \/>\n\n\n\t<img decoding=\"async\" class=\"ms-thumb\" src=\"https:\/\/nextrackemtb.es\/wp-content\/uploads\/2023\/07\/6.5-cube-stereo-hybrid-140-hpc-tm-750-2023-100x80.jpg\" alt=\"\" \/>\n\t<div class=\"ms-thumb\" ><div class=\"ms-tab-context\"><div class=&quot;ms-tab-context&quot;><\/div><\/div>\n<\/div>\n\t\t\t\t<\/div>\n\n\t\t\t<\/div>\n\t\t\t<!-- END MasterSlider Main -->\n\n\t\t\t \n\t\t<\/div>\n\t\t<!-- END MasterSlider -->\n\n\t\t<script>\n\t\t(function ( $ ) {\n\t\t\t\"use strict\";\n\n\t\t\t$(function () {\n\t\t\t\tvar masterslider_e0fe = new MasterSlider();\n\n\t\t\t\t\/\/ slider controls\n\t\t\t\tmasterslider_e0fe.control('arrows'     ,{ autohide:false, overVideo:true  });\t\t\t\tmasterslider_e0fe.control('bullets'    ,{ autohide:false, overVideo:true, dir:'h', align:'bottom' , margin:10  });\n\n\t\t\t\tmasterslider_e0fe.control('thumblist'  ,{ autohide:false, overVideo:true, dir:'v', speed:17, inset:false, arrows:false, hover:false, customClass:'', align:'right',type:'thumbs', margin:1, width:100, height:80, space:1, fillMode:'fill'  });\n\t\t\t\tmasterslider_e0fe.control('scrollbar'  ,{ autohide:true, overVideo:true, dir:'h', inset:true, align:'top', color:'#404040' , margin:10  , width:4 });\n\t\t\t\tmasterslider_e0fe.control('circletimer',{ autohide:false, overVideo:true, color:'#A2A2A2', radius:4, stroke:10   });\n\t\t\t\t\/\/ slider setup\n\t\t\t\tmasterslider_e0fe.setup(\"MS64ca377c3e0fe\", {\n\t\t\t\t\t\twidth           : 800,\n\t\t\t\t\t\theight          : 400,\n\t\t\t\t\t\tminHeight       : 0,\n\t\t\t\t\t\tspace           : 0,\n\t\t\t\t\t\tstart           : 1,\n\t\t\t\t\t\tgrabCursor      : false,\n\t\t\t\t\t\tswipe           : false,\n\t\t\t\t\t\tmouse           : false,\n\t\t\t\t\t\tlayout          : \"boxed\",\n\t\t\t\t\t\twheel           : false,\n\t\t\t\t\t\tautoplay        : true,\n\t\t\t\t\t\tinstantStartLayers:false,\n\t\t\t\t\t\tloop            : false,\n\t\t\t\t\t\tshuffle         : false,\n\t\t\t\t\t\tpreload         : 0,\n\t\t\t\t\t\theightLimit     : true,\n\t\t\t\t\t\tautoHeight      : false,\n\t\t\t\t\t\tsmoothHeight    : true,\n\t\t\t\t\t\tendPause        : false,\n\t\t\t\t\t\toverPause       : false,\n\t\t\t\t\t\tfillMode        : \"fill\",\n\t\t\t\t\t\tcenterControls  : false,\n\t\t\t\t\t\tstartOnAppear   : false,\n\t\t\t\t\t\tlayersMode      : \"center\",\n\t\t\t\t\t\thideLayers      : false,\n\t\t\t\t\t\tfullscreenMargin: 0,\n\t\t\t\t\t\tspeed           : 30,\n\t\t\t\t\t\tdir             : \"h\",\n\t\t\t\t\t\tparallaxMode    : 'swipe',\n\t\t\t\t\t\tview            : \"fade\"\n\t\t\t\t});\n\n\t\t\t\t\n\t\t\t\twindow.masterslider_instances = window.masterslider_instances || [];\n\t\t\t\twindow.masterslider_instances.push( masterslider_e0fe );\n\t\t\t });\n\n\t\t})(jQuery);\n\t\t<\/script>\n\n\n\n\n\n<hr class=\"wp-block-separator has-alpha-channel-opacity is-style-dots\"\/>\n\n\n\n<p>La evoluci\u00f3n nunca se detiene. Por eso, en todos los cuadros de nuestro sistema SizeSplit, la Stereo Hybrid 140 HPC cuenta ahora con la capacidad de albergar una bater\u00eda de hasta 750 Wh bajo su cubierta a prueba de polvo y salpicaduras. Es decir, puedes darte impulso con la unidad motriz CX de cuarta generaci\u00f3n de Bosch, equipada con un par tragamonta\u00f1as de 85 Nm, en recorridos largos sea cual sea el tama\u00f1o de cuadro que mejor se adapta a ti. El eje trasero Boost 148, los rodamientos de pivote grandes y la All Mountain Geometry proporcionan un manejo seguro, incluso cuando est\u00e1s explorando los l\u00edmites de los 140 mm de recorrido trasero y los 150 mm del delantero. La patilla de cambio UDH de Sram ayuda a proteger la bici de posibles da\u00f1os por choques y es f\u00e1cil de sustituir. Y la colocaci\u00f3n interna de los cables reduce el mantenimiento y complementa las l\u00edneas limpias del cuadro principal totalmente de carbono.<\/p>\n\n\n\n<h2 class=\"wp-block-heading\"><a href=\"https:\/\/www.ibembike.es\/electricas\/3140-cube-stereo-hybrid-140-hpc-tm-750-2023.html?search_query=cube&amp;results=106\" data-type=\"URL\" data-id=\"https:\/\/www.ibembike.es\/electricas\/3140-cube-stereo-hybrid-140-hpc-tm-750-2023.html?search_query=cube&amp;results=106\">Donde Comprarla !!<\/a><\/h2>\n","protected":false},"excerpt":{"rendered":"<p>La evoluci\u00f3n nunca se detiene. Por eso, en todos los cuadros de nuestro sistema SizeSplit, la Stereo Hybrid 140 HPC cuenta ahora con la capacidad de albergar una bater\u00eda de hasta 750 Wh bajo su cubierta a prueba de polvo y salpicaduras. Es decir, puedes darte impulso con la unidad motriz CX de cuarta generaci\u00f3n [&hellip;]<\/p>\n","protected":false},"author":1,"featured_media":0,"parent":0,"menu_order":0,"comment_status":"closed","ping_status":"closed","template":"","meta":{"footnotes":""},"_links":{"self":[{"href":"https:\/\/nextrackemtb.es\/index.php?rest_route=\/wp\/v2\/pages\/542"}],"collection":[{"href":"https:\/\/nextrackemtb.es\/index.php?rest_route=\/wp\/v2\/pages"}],"about":[{"href":"https:\/\/nextrackemtb.es\/index.php?rest_route=\/wp\/v2\/types\/page"}],"author":[{"embeddable":true,"href":"https:\/\/nextrackemtb.es\/index.php?rest_route=\/wp\/v2\/users\/1"}],"replies":[{"embeddable":true,"href":"https:\/\/nextrackemtb.es\/index.php?rest_route=%2Fwp%2Fv2%2Fcomments&post=542"}],"version-history":[{"count":2,"href":"https:\/\/nextrackemtb.es\/index.php?rest_route=\/wp\/v2\/pages\/542\/revisions"}],"predecessor-version":[{"id":570,"href":"https:\/\/nextrackemtb.es\/index.php?rest_route=\/wp\/v2\/pages\/542\/revisions\/570"}],"wp:attachment":[{"href":"https:\/\/nextrackemtb.es\/index.php?rest_route=%2Fwp%2Fv2%2Fmedia&parent=542"}],"curies":[{"name":"wp","href":"https:\/\/api.w.org\/{rel}","templated":true}]}}