{"id":564,"date":"2023-08-02T11:25:11","date_gmt":"2023-08-02T11:25:11","guid":{"rendered":"https:\/\/nextrackemtb.es\/?page_id=564"},"modified":"2023-08-02T11:25:11","modified_gmt":"2023-08-02T11:25:11","slug":"rieju-mrt-plus-xc","status":"publish","type":"page","link":"https:\/\/nextrackemtb.es\/?page_id=564","title":{"rendered":"RIEJU MRT PLUS XC"},"content":{"rendered":"<div class=\"wp-block-image\">\n<figure class=\"aligncenter size-full\"><img fetchpriority=\"high\" decoding=\"async\" width=\"458\" height=\"458\" src=\"https:\/\/nextrackemtb.es\/wp-content\/uploads\/2023\/08\/9-rieju-mrt-plus-xc.jpg\" alt=\"\" class=\"wp-image-565\" srcset=\"https:\/\/nextrackemtb.es\/wp-content\/uploads\/2023\/08\/9-rieju-mrt-plus-xc.jpg 458w, https:\/\/nextrackemtb.es\/wp-content\/uploads\/2023\/08\/9-rieju-mrt-plus-xc-300x300.jpg 300w, https:\/\/nextrackemtb.es\/wp-content\/uploads\/2023\/08\/9-rieju-mrt-plus-xc-150x150.jpg 150w\" sizes=\"(max-width: 458px) 100vw, 458px\" \/><\/figure><\/div>\n\n\n<hr class=\"wp-block-separator has-alpha-channel-opacity is-style-dots\"\/>\n\n\n\n<p>La MRT PLUS CARBON es la e-bike de la gama Rieju con la que no podr\u00e1s pedir nada mas, con su horquilla delantera FOX 36 FLOAT Performance 29 y su amortiguador trasero FOX FLOAT DPX2 Performance no habr\u00e1 terreno que se te resista ademas claro de su motor Drive Unit Bosch Performance CX Cruise 4 Generation y bater\u00eda PowerPack 750 Performance con el que subir\u00e1s hasta donde tu quieras.\u00a0\u00a0<\/p>\n\n\n\n<h2 class=\"wp-block-heading\"><a href=\"https:\/\/www.ibembike.es\/electricas\/2898-rieju-mrt-plus-xc.html\" data-type=\"URL\" data-id=\"https:\/\/www.ibembike.es\/electricas\/2898-rieju-mrt-plus-xc.html\">Donde comprarla !!<\/a><\/h2>\n","protected":false},"excerpt":{"rendered":"<p>La MRT PLUS CARBON es la e-bike de la gama Rieju con la que no podr\u00e1s pedir nada mas, con su horquilla delantera FOX 36 FLOAT Performance 29 y su amortiguador trasero FOX FLOAT DPX2 Performance no habr\u00e1 terreno que se te resista ademas claro de su motor Drive Unit Bosch Performance CX Cruise 4 [&hellip;]<\/p>\n","protected":false},"author":1,"featured_media":0,"parent":0,"menu_order":0,"comment_status":"closed","ping_status":"closed","template":"","meta":{"footnotes":""},"_links":{"self":[{"href":"https:\/\/nextrackemtb.es\/index.php?rest_route=\/wp\/v2\/pages\/564"}],"collection":[{"href":"https:\/\/nextrackemtb.es\/index.php?rest_route=\/wp\/v2\/pages"}],"about":[{"href":"https:\/\/nextrackemtb.es\/index.php?rest_route=\/wp\/v2\/types\/page"}],"author":[{"embeddable":true,"href":"https:\/\/nextrackemtb.es\/index.php?rest_route=\/wp\/v2\/users\/1"}],"replies":[{"embeddable":true,"href":"https:\/\/nextrackemtb.es\/index.php?rest_route=%2Fwp%2Fv2%2Fcomments&post=564"}],"version-history":[{"count":1,"href":"https:\/\/nextrackemtb.es\/index.php?rest_route=\/wp\/v2\/pages\/564\/revisions"}],"predecessor-version":[{"id":566,"href":"https:\/\/nextrackemtb.es\/index.php?rest_route=\/wp\/v2\/pages\/564\/revisions\/566"}],"wp:attachment":[{"href":"https:\/\/nextrackemtb.es\/index.php?rest_route=%2Fwp%2Fv2%2Fmedia&parent=564"}],"curies":[{"name":"wp","href":"https:\/\/api.w.org\/{rel}","templated":true}]}}