{"id":62,"date":"2023-07-06T06:22:25","date_gmt":"2023-07-06T06:22:25","guid":{"rendered":"https:\/\/nextrackemtb.es\/?page_id=62"},"modified":"2023-08-09T15:45:56","modified_gmt":"2023-08-09T15:45:56","slug":"noticias","status":"publish","type":"page","link":"https:\/\/nextrackemtb.es\/?page_id=62","title":{"rendered":"Noticias"},"content":{"rendered":"\t\t<div data-elementor-type=\"wp-page\" data-elementor-id=\"62\" class=\"elementor elementor-62\" data-elementor-post-type=\"page\">\n\t\t\t\t\t\t\t\t\t<section class=\"elementor-section elementor-top-section elementor-element elementor-element-3e62a7c elementor-section-boxed elementor-section-height-default elementor-section-height-default\" data-id=\"3e62a7c\" data-element_type=\"section\">\n\t\t\t\t\t\t<div class=\"elementor-container elementor-column-gap-default\">\n\t\t\t\t\t<div class=\"elementor-column elementor-col-100 elementor-top-column elementor-element elementor-element-8d9e8da\" data-id=\"8d9e8da\" data-element_type=\"column\">\n\t\t\t<div class=\"elementor-widget-wrap elementor-element-populated\">\n\t\t\t\t\t\t\t\t<div class=\"elementor-element elementor-element-0dd8bdd elementor-grid-3 elementor-grid-tablet-2 elementor-grid-mobile-1 elementor-posts--thumbnail-top elementor-posts--show-avatar elementor-card-shadow-yes elementor-posts__hover-gradient elementor-widget elementor-widget-posts\" data-id=\"0dd8bdd\" data-element_type=\"widget\" data-settings=\"{&quot;cards_columns&quot;:&quot;3&quot;,&quot;cards_columns_tablet&quot;:&quot;2&quot;,&quot;cards_columns_mobile&quot;:&quot;1&quot;,&quot;cards_row_gap&quot;:{&quot;unit&quot;:&quot;px&quot;,&quot;size&quot;:35,&quot;sizes&quot;:[]},&quot;cards_row_gap_tablet&quot;:{&quot;unit&quot;:&quot;px&quot;,&quot;size&quot;:&quot;&quot;,&quot;sizes&quot;:[]},&quot;cards_row_gap_mobile&quot;:{&quot;unit&quot;:&quot;px&quot;,&quot;size&quot;:&quot;&quot;,&quot;sizes&quot;:[]}}\" data-widget_type=\"posts.cards\">\n\t\t\t\t<div class=\"elementor-widget-container\">\n\t\t\t<link rel=\"stylesheet\" href=\"https:\/\/nextrackemtb.es\/wp-content\/plugins\/elementor-pro\/assets\/css\/widget-posts.min.css\">\t\t<div class=\"elementor-posts-container elementor-posts elementor-posts--skin-cards elementor-grid\">\n\t\t\t\t<article class=\"elementor-post elementor-grid-item post-1019 post type-post status-publish format-standard has-post-thumbnail hentry category-blog category-ultimas-noticias\">\n\t\t\t<div class=\"elementor-post__card\">\n\t\t\t\t<a class=\"elementor-post__thumbnail__link\" href=\"https:\/\/nextrackemtb.es\/?p=1019\" tabindex=\"-1\" ><div class=\"elementor-post__thumbnail\"><img fetchpriority=\"high\" decoding=\"async\" width=\"1078\" height=\"646\" src=\"https:\/\/nextrackemtb.es\/wp-content\/uploads\/2023\/09\/IMAGEN6-1.jpg\" class=\"attachment-full size-full wp-image-1027\" alt=\"\" srcset=\"https:\/\/nextrackemtb.es\/wp-content\/uploads\/2023\/09\/IMAGEN6-1.jpg 1078w, https:\/\/nextrackemtb.es\/wp-content\/uploads\/2023\/09\/IMAGEN6-1-300x180.jpg 300w, https:\/\/nextrackemtb.es\/wp-content\/uploads\/2023\/09\/IMAGEN6-1-1024x614.jpg 1024w, https:\/\/nextrackemtb.es\/wp-content\/uploads\/2023\/09\/IMAGEN6-1-768x460.jpg 768w\" sizes=\"(max-width: 1078px) 100vw, 1078px\" \/><\/div><\/a>\n\t\t\t\t<div class=\"elementor-post__badge\">Blog<\/div>\n\t\t\t\t<div class=\"elementor-post__avatar\">\n\t\t\t<img alt='Miguel Villena' src='https:\/\/secure.gravatar.com\/avatar\/3f4568bf0acb9d721e026b5060e599e4?s=128&#038;d=mm&#038;r=g' srcset='https:\/\/secure.gravatar.com\/avatar\/3f4568bf0acb9d721e026b5060e599e4?s=256&#038;d=mm&#038;r=g 2x' class='avatar avatar-128 photo' height='128' width='128' \/>\t\t<\/div>\n\t\t\t\t<div class=\"elementor-post__text\">\n\t\t\t\t<h3 class=\"elementor-post__title\">\n\t\t\t<a href=\"https:\/\/nextrackemtb.es\/?p=1019\" >\n\t\t\t\tCube STEREO HYBRID 140 HPC SLX 750 2023\t\t\t<\/a>\n\t\t<\/h3>\n\t\t\t\t<div class=\"elementor-post__excerpt\">\n\t\t\t<p>La b\u00fasqueda de la bicicleta perfecta es una obsesi\u00f3n compartida por muchos. Todos los apasionados buscan un equilibrio entre rendimiento, durabilidad, versatilidad y por supuesto,\t\t<\/div>\n\t\t\n\t\t<a class=\"elementor-post__read-more\" href=\"https:\/\/nextrackemtb.es\/?p=1019\" aria-label=\"M\u00e1s informaci\u00f3n sobre Cube STEREO HYBRID 140 HPC SLX 750 2023\" tabindex=\"-1\" >\n\t\t\tLeer m\u00e1s\u00bb\t\t<\/a>\n\n\t\t\t\t<\/div>\n\t\t\t\t<div class=\"elementor-post__meta-data\">\n\t\t\t\t\t<span class=\"elementor-post-author\">\n\t\t\tMiguel Villena\t\t<\/span>\n\t\t\t\t<span class=\"elementor-post-date\">\n\t\t\t25 de septiembre de 2023\t\t<\/span>\n\t\t\t\t<span class=\"elementor-post-time\">\n\t\t\t20:35\t\t<\/span>\n\t\t\t\t<span class=\"elementor-post-avatar\">\n\t\t\tNo hay comentarios\t\t<\/span>\n\t\t\t\t<\/div>\n\t\t\t\t\t<\/div>\n\t\t<\/article>\n\t\t\t\t<article class=\"elementor-post elementor-grid-item post-1000 post type-post status-publish format-standard has-post-thumbnail hentry category-blog category-ultimas-noticias\">\n\t\t\t<div class=\"elementor-post__card\">\n\t\t\t\t<a class=\"elementor-post__thumbnail__link\" href=\"https:\/\/nextrackemtb.es\/?p=1000\" tabindex=\"-1\" ><div class=\"elementor-post__thumbnail\"><img decoding=\"async\" width=\"231\" height=\"298\" src=\"https:\/\/nextrackemtb.es\/wp-content\/uploads\/2023\/09\/IM1-1.jpg\" class=\"attachment-full size-full wp-image-1018\" alt=\"\" \/><\/div><\/a>\n\t\t\t\t<div class=\"elementor-post__badge\">Blog<\/div>\n\t\t\t\t<div class=\"elementor-post__avatar\">\n\t\t\t<img alt='Miguel Villena' src='https:\/\/secure.gravatar.com\/avatar\/3f4568bf0acb9d721e026b5060e599e4?s=128&#038;d=mm&#038;r=g' srcset='https:\/\/secure.gravatar.com\/avatar\/3f4568bf0acb9d721e026b5060e599e4?s=256&#038;d=mm&#038;r=g 2x' class='avatar avatar-128 photo' height='128' width='128' \/>\t\t<\/div>\n\t\t\t\t<div class=\"elementor-post__text\">\n\t\t\t\t<h3 class=\"elementor-post__title\">\n\t\t\t<a href=\"https:\/\/nextrackemtb.es\/?p=1000\" >\n\t\t\t\tSistemas de amortiguaci\u00f3n trasera\t\t\t<\/a>\n\t\t<\/h3>\n\t\t\t\t<div class=\"elementor-post__excerpt\">\n\t\t\t<p>Si eres un apasionado del mountain bike como yo, seguro que te has preguntado alguna vez sobre los distintos tipos de suspensi\u00f3n trasera en nuestras\t\t<\/div>\n\t\t\n\t\t<a class=\"elementor-post__read-more\" href=\"https:\/\/nextrackemtb.es\/?p=1000\" aria-label=\"M\u00e1s informaci\u00f3n sobre Sistemas de amortiguaci\u00f3n trasera\" tabindex=\"-1\" >\n\t\t\tLeer m\u00e1s\u00bb\t\t<\/a>\n\n\t\t\t\t<\/div>\n\t\t\t\t<div class=\"elementor-post__meta-data\">\n\t\t\t\t\t<span class=\"elementor-post-author\">\n\t\t\tMiguel Villena\t\t<\/span>\n\t\t\t\t<span class=\"elementor-post-date\">\n\t\t\t22 de septiembre de 2023\t\t<\/span>\n\t\t\t\t<span class=\"elementor-post-time\">\n\t\t\t12:45\t\t<\/span>\n\t\t\t\t<span class=\"elementor-post-avatar\">\n\t\t\t2 comentarios\t\t<\/span>\n\t\t\t\t<\/div>\n\t\t\t\t\t<\/div>\n\t\t<\/article>\n\t\t\t\t<article class=\"elementor-post elementor-grid-item post-754 post type-post status-publish format-standard has-post-thumbnail hentry category-blog category-ultimas-noticias\">\n\t\t\t<div class=\"elementor-post__card\">\n\t\t\t\t<a class=\"elementor-post__thumbnail__link\" href=\"https:\/\/nextrackemtb.es\/?p=754\" tabindex=\"-1\" ><div class=\"elementor-post__thumbnail\"><img decoding=\"async\" width=\"1080\" height=\"1080\" src=\"https:\/\/nextrackemtb.es\/wp-content\/uploads\/2023\/08\/foto-de-cabecera-1.png\" class=\"attachment-full size-full wp-image-775\" alt=\"\" srcset=\"https:\/\/nextrackemtb.es\/wp-content\/uploads\/2023\/08\/foto-de-cabecera-1.png 1080w, https:\/\/nextrackemtb.es\/wp-content\/uploads\/2023\/08\/foto-de-cabecera-1-300x300.png 300w, https:\/\/nextrackemtb.es\/wp-content\/uploads\/2023\/08\/foto-de-cabecera-1-1024x1024.png 1024w, https:\/\/nextrackemtb.es\/wp-content\/uploads\/2023\/08\/foto-de-cabecera-1-150x150.png 150w, https:\/\/nextrackemtb.es\/wp-content\/uploads\/2023\/08\/foto-de-cabecera-1-768x768.png 768w\" sizes=\"(max-width: 1080px) 100vw, 1080px\" \/><\/div><\/a>\n\t\t\t\t<div class=\"elementor-post__badge\">Blog<\/div>\n\t\t\t\t<div class=\"elementor-post__avatar\">\n\t\t\t<img alt='Miguel Villena' src='https:\/\/secure.gravatar.com\/avatar\/3f4568bf0acb9d721e026b5060e599e4?s=128&#038;d=mm&#038;r=g' srcset='https:\/\/secure.gravatar.com\/avatar\/3f4568bf0acb9d721e026b5060e599e4?s=256&#038;d=mm&#038;r=g 2x' class='avatar avatar-128 photo' height='128' width='128' \/>\t\t<\/div>\n\t\t\t\t<div class=\"elementor-post__text\">\n\t\t\t\t<h3 class=\"elementor-post__title\">\n\t\t\t<a href=\"https:\/\/nextrackemtb.es\/?p=754\" >\n\t\t\t\tNuevas zapatillas Gravity de Shimano\t\t\t<\/a>\n\t\t<\/h3>\n\t\t\t\t<div class=\"elementor-post__excerpt\">\n\t\t\t<p>\u201cLa nueva l\u00ednea Gravity de la marca presenta una serie de nuevas&nbsp;zapatillas MTB&nbsp;para pedales autom\u00e1ticos y plataforma\u201d Presentaci\u00f3n de la marca Shimano de sus nuevas<\/p>\n\t\t<\/div>\n\t\t\n\t\t<a class=\"elementor-post__read-more\" href=\"https:\/\/nextrackemtb.es\/?p=754\" aria-label=\"M\u00e1s informaci\u00f3n sobre Nuevas zapatillas Gravity de Shimano\" tabindex=\"-1\" >\n\t\t\tLeer m\u00e1s\u00bb\t\t<\/a>\n\n\t\t\t\t<\/div>\n\t\t\t\t<div class=\"elementor-post__meta-data\">\n\t\t\t\t\t<span class=\"elementor-post-author\">\n\t\t\tMiguel Villena\t\t<\/span>\n\t\t\t\t<span class=\"elementor-post-date\">\n\t\t\t19 de agosto de 2023\t\t<\/span>\n\t\t\t\t<span class=\"elementor-post-time\">\n\t\t\t08:00\t\t<\/span>\n\t\t\t\t<span class=\"elementor-post-avatar\">\n\t\t\tNo hay comentarios\t\t<\/span>\n\t\t\t\t<\/div>\n\t\t\t\t\t<\/div>\n\t\t<\/article>\n\t\t\t\t<article class=\"elementor-post elementor-grid-item post-747 post type-post status-publish format-standard has-post-thumbnail hentry category-blog category-ultimas-noticias\">\n\t\t\t<div class=\"elementor-post__card\">\n\t\t\t\t<a class=\"elementor-post__thumbnail__link\" href=\"https:\/\/nextrackemtb.es\/?p=747\" tabindex=\"-1\" ><div class=\"elementor-post__thumbnail\"><img loading=\"lazy\" decoding=\"async\" width=\"1078\" height=\"1037\" src=\"https:\/\/nextrackemtb.es\/wp-content\/uploads\/2023\/08\/ID-1.jpg\" class=\"attachment-full size-full wp-image-774\" alt=\"\" srcset=\"https:\/\/nextrackemtb.es\/wp-content\/uploads\/2023\/08\/ID-1.jpg 1078w, https:\/\/nextrackemtb.es\/wp-content\/uploads\/2023\/08\/ID-1-300x289.jpg 300w, https:\/\/nextrackemtb.es\/wp-content\/uploads\/2023\/08\/ID-1-1024x985.jpg 1024w, https:\/\/nextrackemtb.es\/wp-content\/uploads\/2023\/08\/ID-1-768x739.jpg 768w\" sizes=\"(max-width: 1078px) 100vw, 1078px\" \/><\/div><\/a>\n\t\t\t\t<div class=\"elementor-post__badge\">Blog<\/div>\n\t\t\t\t<div class=\"elementor-post__avatar\">\n\t\t\t<img alt='Miguel Villena' src='https:\/\/secure.gravatar.com\/avatar\/3f4568bf0acb9d721e026b5060e599e4?s=128&#038;d=mm&#038;r=g' srcset='https:\/\/secure.gravatar.com\/avatar\/3f4568bf0acb9d721e026b5060e599e4?s=256&#038;d=mm&#038;r=g 2x' class='avatar avatar-128 photo' height='128' width='128' \/>\t\t<\/div>\n\t\t\t\t<div class=\"elementor-post__text\">\n\t\t\t\t<h3 class=\"elementor-post__title\">\n\t\t\t<a href=\"https:\/\/nextrackemtb.es\/?p=747\" >\n\t\t\t\tEl Gravel est\u00e1 de moda.\t\t\t<\/a>\n\t\t<\/h3>\n\t\t\t\t<div class=\"elementor-post__excerpt\">\n\t\t\t<p>\u201cEl Gravel ha ganado popularidad en los \u00faltimos a\u00f1os por varias razones y se ha convertido en una tendencia de moda\u201d El Gravel lo podemos<\/p>\n\t\t<\/div>\n\t\t\n\t\t<a class=\"elementor-post__read-more\" href=\"https:\/\/nextrackemtb.es\/?p=747\" aria-label=\"M\u00e1s informaci\u00f3n sobre El Gravel est\u00e1 de moda.\" tabindex=\"-1\" >\n\t\t\tLeer m\u00e1s\u00bb\t\t<\/a>\n\n\t\t\t\t<\/div>\n\t\t\t\t<div class=\"elementor-post__meta-data\">\n\t\t\t\t\t<span class=\"elementor-post-author\">\n\t\t\tMiguel Villena\t\t<\/span>\n\t\t\t\t<span class=\"elementor-post-date\">\n\t\t\t12 de agosto de 2023\t\t<\/span>\n\t\t\t\t<span class=\"elementor-post-time\">\n\t\t\t08:00\t\t<\/span>\n\t\t\t\t<span class=\"elementor-post-avatar\">\n\t\t\t2 comentarios\t\t<\/span>\n\t\t\t\t<\/div>\n\t\t\t\t\t<\/div>\n\t\t<\/article>\n\t\t\t\t<article class=\"elementor-post elementor-grid-item post-56 post type-post status-publish format-standard has-post-thumbnail hentry category-blog category-ultimas-noticias\">\n\t\t\t<div class=\"elementor-post__card\">\n\t\t\t\t<a class=\"elementor-post__thumbnail__link\" href=\"https:\/\/nextrackemtb.es\/?p=56\" tabindex=\"-1\" ><div class=\"elementor-post__thumbnail\"><img loading=\"lazy\" decoding=\"async\" width=\"1080\" height=\"1080\" src=\"https:\/\/nextrackemtb.es\/wp-content\/uploads\/2023\/05\/3.png\" class=\"attachment-full size-full wp-image-276\" alt=\"\" srcset=\"https:\/\/nextrackemtb.es\/wp-content\/uploads\/2023\/05\/3.png 1080w, https:\/\/nextrackemtb.es\/wp-content\/uploads\/2023\/05\/3-300x300.png 300w, https:\/\/nextrackemtb.es\/wp-content\/uploads\/2023\/05\/3-1024x1024.png 1024w, https:\/\/nextrackemtb.es\/wp-content\/uploads\/2023\/05\/3-150x150.png 150w, https:\/\/nextrackemtb.es\/wp-content\/uploads\/2023\/05\/3-768x768.png 768w\" sizes=\"(max-width: 1080px) 100vw, 1080px\" \/><\/div><\/a>\n\t\t\t\t<div class=\"elementor-post__badge\">Blog<\/div>\n\t\t\t\t<div class=\"elementor-post__avatar\">\n\t\t\t<img alt='Miguel Villena' src='https:\/\/secure.gravatar.com\/avatar\/3f4568bf0acb9d721e026b5060e599e4?s=128&#038;d=mm&#038;r=g' srcset='https:\/\/secure.gravatar.com\/avatar\/3f4568bf0acb9d721e026b5060e599e4?s=256&#038;d=mm&#038;r=g 2x' class='avatar avatar-128 photo' height='128' width='128' \/>\t\t<\/div>\n\t\t\t\t<div class=\"elementor-post__text\">\n\t\t\t\t<h3 class=\"elementor-post__title\">\n\t\t\t<a href=\"https:\/\/nextrackemtb.es\/?p=56\" >\n\t\t\t\tBosch Performance Line SX\t\t\t<\/a>\n\t\t<\/h3>\n\t\t\t\t<div class=\"elementor-post__excerpt\">\n\t\t\t<p>Bombazo del verano!!!Bosch acaba de sacar al mercado su nuevo motor light. El Performance Line SX con 55 Nm y tan solo 2kg de peso.<\/p>\n\t\t<\/div>\n\t\t\n\t\t<a class=\"elementor-post__read-more\" href=\"https:\/\/nextrackemtb.es\/?p=56\" aria-label=\"M\u00e1s informaci\u00f3n sobre Bosch Performance Line SX\" tabindex=\"-1\" >\n\t\t\tLeer m\u00e1s\u00bb\t\t<\/a>\n\n\t\t\t\t<\/div>\n\t\t\t\t<div class=\"elementor-post__meta-data\">\n\t\t\t\t\t<span class=\"elementor-post-author\">\n\t\t\tMiguel Villena\t\t<\/span>\n\t\t\t\t<span class=\"elementor-post-date\">\n\t\t\t20 de junio de 2023\t\t<\/span>\n\t\t\t\t<span class=\"elementor-post-time\">\n\t\t\t18:00\t\t<\/span>\n\t\t\t\t<span class=\"elementor-post-avatar\">\n\t\t\tNo hay comentarios\t\t<\/span>\n\t\t\t\t<\/div>\n\t\t\t\t\t<\/div>\n\t\t<\/article>\n\t\t\t\t<article class=\"elementor-post elementor-grid-item post-52 post type-post status-publish format-standard has-post-thumbnail hentry category-blog category-ultimas-noticias\">\n\t\t\t<div class=\"elementor-post__card\">\n\t\t\t\t<a class=\"elementor-post__thumbnail__link\" href=\"https:\/\/nextrackemtb.es\/?p=52\" tabindex=\"-1\" ><div class=\"elementor-post__thumbnail\"><img loading=\"lazy\" decoding=\"async\" width=\"1080\" height=\"1080\" src=\"https:\/\/nextrackemtb.es\/wp-content\/uploads\/2023\/05\/4.png\" class=\"attachment-full size-full wp-image-277\" alt=\"\" srcset=\"https:\/\/nextrackemtb.es\/wp-content\/uploads\/2023\/05\/4.png 1080w, https:\/\/nextrackemtb.es\/wp-content\/uploads\/2023\/05\/4-300x300.png 300w, https:\/\/nextrackemtb.es\/wp-content\/uploads\/2023\/05\/4-1024x1024.png 1024w, https:\/\/nextrackemtb.es\/wp-content\/uploads\/2023\/05\/4-150x150.png 150w, https:\/\/nextrackemtb.es\/wp-content\/uploads\/2023\/05\/4-768x768.png 768w\" sizes=\"(max-width: 1080px) 100vw, 1080px\" \/><\/div><\/a>\n\t\t\t\t<div class=\"elementor-post__badge\">Blog<\/div>\n\t\t\t\t<div class=\"elementor-post__avatar\">\n\t\t\t<img alt='Miguel Villena' src='https:\/\/secure.gravatar.com\/avatar\/3f4568bf0acb9d721e026b5060e599e4?s=128&#038;d=mm&#038;r=g' srcset='https:\/\/secure.gravatar.com\/avatar\/3f4568bf0acb9d721e026b5060e599e4?s=256&#038;d=mm&#038;r=g 2x' class='avatar avatar-128 photo' height='128' width='128' \/>\t\t<\/div>\n\t\t\t\t<div class=\"elementor-post__text\">\n\t\t\t\t<h3 class=\"elementor-post__title\">\n\t\t\t<a href=\"https:\/\/nextrackemtb.es\/?p=52\" >\n\t\t\t\tNueva Canyon Torque On CF \u00a02023\t\t\t<\/a>\n\t\t<\/h3>\n\t\t\t\t<div class=\"elementor-post__excerpt\">\n\t\t\t<p>\u00a1La nueva e-bike llega con grandes recorridos, gran bater\u00eda y promete una gran diversi\u00f3n!!!! Su zona de juego el enduro extremo y los bike parks.<\/p>\n\t\t<\/div>\n\t\t\n\t\t<a class=\"elementor-post__read-more\" href=\"https:\/\/nextrackemtb.es\/?p=52\" aria-label=\"M\u00e1s informaci\u00f3n sobre Nueva Canyon Torque On CF \u00a02023\" tabindex=\"-1\" >\n\t\t\tLeer m\u00e1s\u00bb\t\t<\/a>\n\n\t\t\t\t<\/div>\n\t\t\t\t<div class=\"elementor-post__meta-data\">\n\t\t\t\t\t<span class=\"elementor-post-author\">\n\t\t\tMiguel Villena\t\t<\/span>\n\t\t\t\t<span class=\"elementor-post-date\">\n\t\t\t6 de junio de 2023\t\t<\/span>\n\t\t\t\t<span class=\"elementor-post-time\">\n\t\t\t18:00\t\t<\/span>\n\t\t\t\t<span class=\"elementor-post-avatar\">\n\t\t\tNo hay comentarios\t\t<\/span>\n\t\t\t\t<\/div>\n\t\t\t\t\t<\/div>\n\t\t<\/article>\n\t\t\t\t<\/div>\n\t\t\n\t\t\t\t<\/div>\n\t\t\t\t<\/div>\n\t\t\t\t\t<\/div>\n\t\t<\/div>\n\t\t\t\t\t\t\t<\/div>\n\t\t<\/section>\n\t\t\t\t\t\t\t<\/div>\n\t\t","protected":false},"excerpt":{"rendered":"","protected":false},"author":1,"featured_media":0,"parent":0,"menu_order":0,"comment_status":"closed","ping_status":"closed","template":"elementor_theme","meta":{"footnotes":""},"_links":{"self":[{"href":"https:\/\/nextrackemtb.es\/index.php?rest_route=\/wp\/v2\/pages\/62"}],"collection":[{"href":"https:\/\/nextrackemtb.es\/index.php?rest_route=\/wp\/v2\/pages"}],"about":[{"href":"https:\/\/nextrackemtb.es\/index.php?rest_route=\/wp\/v2\/types\/page"}],"author":[{"embeddable":true,"href":"https:\/\/nextrackemtb.es\/index.php?rest_route=\/wp\/v2\/users\/1"}],"replies":[{"embeddable":true,"href":"https:\/\/nextrackemtb.es\/index.php?rest_route=%2Fwp%2Fv2%2Fcomments&post=62"}],"version-history":[{"count":4,"href":"https:\/\/nextrackemtb.es\/index.php?rest_route=\/wp\/v2\/pages\/62\/revisions"}],"predecessor-version":[{"id":717,"href":"https:\/\/nextrackemtb.es\/index.php?rest_route=\/wp\/v2\/pages\/62\/revisions\/717"}],"wp:attachment":[{"href":"https:\/\/nextrackemtb.es\/index.php?rest_route=%2Fwp%2Fv2%2Fmedia&parent=62"}],"curies":[{"name":"wp","href":"https:\/\/api.w.org\/{rel}","templated":true}]}}