{"id":66,"date":"2023-07-06T06:23:36","date_gmt":"2023-07-06T06:23:36","guid":{"rendered":"https:\/\/nextrackemtb.es\/?page_id=66"},"modified":"2023-09-15T12:42:35","modified_gmt":"2023-09-15T12:42:35","slug":"rutas","status":"publish","type":"page","link":"https:\/\/nextrackemtb.es\/?page_id=66","title":{"rendered":"Rutas"},"content":{"rendered":"\t\t<div data-elementor-type=\"wp-page\" data-elementor-id=\"66\" class=\"elementor elementor-66\" data-elementor-post-type=\"page\">\n\t\t\t\t\t\t\t\t\t<section class=\"elementor-section elementor-top-section elementor-element elementor-element-3efb720 elementor-section-boxed elementor-section-height-default elementor-section-height-default\" data-id=\"3efb720\" data-element_type=\"section\">\n\t\t\t\t\t\t<div class=\"elementor-container elementor-column-gap-default\">\n\t\t\t\t\t<div class=\"elementor-column elementor-col-100 elementor-top-column elementor-element elementor-element-a7b345c\" data-id=\"a7b345c\" data-element_type=\"column\">\n\t\t\t<div class=\"elementor-widget-wrap elementor-element-populated\">\n\t\t\t\t\t\t\t\t<div class=\"elementor-element elementor-element-f279379 elementor-grid-3 elementor-grid-tablet-2 elementor-grid-mobile-1 elementor-posts--thumbnail-top elementor-widget elementor-widget-posts\" data-id=\"f279379\" data-element_type=\"widget\" data-settings=\"{&quot;classic_columns&quot;:&quot;3&quot;,&quot;classic_columns_tablet&quot;:&quot;2&quot;,&quot;classic_columns_mobile&quot;:&quot;1&quot;,&quot;classic_row_gap&quot;:{&quot;unit&quot;:&quot;px&quot;,&quot;size&quot;:35,&quot;sizes&quot;:[]},&quot;classic_row_gap_tablet&quot;:{&quot;unit&quot;:&quot;px&quot;,&quot;size&quot;:&quot;&quot;,&quot;sizes&quot;:[]},&quot;classic_row_gap_mobile&quot;:{&quot;unit&quot;:&quot;px&quot;,&quot;size&quot;:&quot;&quot;,&quot;sizes&quot;:[]}}\" data-widget_type=\"posts.classic\">\n\t\t\t\t<div class=\"elementor-widget-container\">\n\t\t\t<link rel=\"stylesheet\" href=\"https:\/\/nextrackemtb.es\/wp-content\/plugins\/elementor-pro\/assets\/css\/widget-posts.min.css\">\t\t<div class=\"elementor-posts-container elementor-posts elementor-posts--skin-classic elementor-grid\">\n\t\t\t\t<article class=\"elementor-post elementor-grid-item post-788 post type-post status-publish format-standard has-post-thumbnail hentry category-blog category-las-mejores-rutas\">\n\t\t\t\t<a class=\"elementor-post__thumbnail__link\" href=\"https:\/\/nextrackemtb.es\/?p=788\" tabindex=\"-1\" >\n\t\t\t<div class=\"elementor-post__thumbnail\"><img fetchpriority=\"high\" decoding=\"async\" width=\"947\" height=\"873\" src=\"https:\/\/nextrackemtb.es\/wp-content\/uploads\/2023\/09\/ID-foto-1.jpg\" class=\"attachment-full size-full wp-image-806\" alt=\"\" srcset=\"https:\/\/nextrackemtb.es\/wp-content\/uploads\/2023\/09\/ID-foto-1.jpg 947w, https:\/\/nextrackemtb.es\/wp-content\/uploads\/2023\/09\/ID-foto-1-300x277.jpg 300w, https:\/\/nextrackemtb.es\/wp-content\/uploads\/2023\/09\/ID-foto-1-768x708.jpg 768w\" sizes=\"(max-width: 947px) 100vw, 947px\" \/><\/div>\n\t\t<\/a>\n\t\t\t\t<div class=\"elementor-post__text\">\n\t\t\t\t<h3 class=\"elementor-post__title\">\n\t\t\t<a href=\"https:\/\/nextrackemtb.es\/?p=788\" >\n\t\t\t\tExplorando los Bosques y Sendas de Chillar\u00f3n de Cuenca\t\t\t<\/a>\n\t\t<\/h3>\n\t\t\t\t<div class=\"elementor-post__meta-data\">\n\t\t\t\t\t<span class=\"elementor-post-author\">\n\t\t\tMiguel Villena\t\t<\/span>\n\t\t\t\t<span class=\"elementor-post-date\">\n\t\t\t2 de septiembre de 2023\t\t<\/span>\n\t\t\t\t<span class=\"elementor-post-time\">\n\t\t\t08:00\t\t<\/span>\n\t\t\t\t<span class=\"elementor-post-avatar\">\n\t\t\tNo hay comentarios\t\t<\/span>\n\t\t\t\t<\/div>\n\t\t\t\t<div class=\"elementor-post__excerpt\">\n\t\t\t<p>\u201cSi eres un apasionado del mountain bike, entender\u00e1s la emoci\u00f3n de descubrir nuevos territorios\u201d<\/p>\n\t\t<\/div>\n\t\t\t\t\t<div class=\"elementor-post__read-more-wrapper\">\n\t\t\n\t\t<a class=\"elementor-post__read-more\" href=\"https:\/\/nextrackemtb.es\/?p=788\" aria-label=\"M\u00e1s informaci\u00f3n sobre Explorando los Bosques y Sendas de Chillar\u00f3n de Cuenca\" tabindex=\"-1\" >\n\t\t\tLEER M\u00c1S \u00bb\t\t<\/a>\n\n\t\t\t\t\t<\/div>\n\t\t\t\t<\/div>\n\t\t\t\t<\/article>\n\t\t\t\t<article class=\"elementor-post elementor-grid-item post-763 post type-post status-publish format-standard has-post-thumbnail hentry category-blog category-las-mejores-rutas\">\n\t\t\t\t<a class=\"elementor-post__thumbnail__link\" href=\"https:\/\/nextrackemtb.es\/?p=763\" tabindex=\"-1\" >\n\t\t\t<div class=\"elementor-post__thumbnail\"><img decoding=\"async\" width=\"1080\" height=\"1080\" src=\"https:\/\/nextrackemtb.es\/wp-content\/uploads\/2023\/08\/FOTO-CABECERA.png\" class=\"attachment-full size-full wp-image-773\" alt=\"\" srcset=\"https:\/\/nextrackemtb.es\/wp-content\/uploads\/2023\/08\/FOTO-CABECERA.png 1080w, https:\/\/nextrackemtb.es\/wp-content\/uploads\/2023\/08\/FOTO-CABECERA-300x300.png 300w, https:\/\/nextrackemtb.es\/wp-content\/uploads\/2023\/08\/FOTO-CABECERA-1024x1024.png 1024w, https:\/\/nextrackemtb.es\/wp-content\/uploads\/2023\/08\/FOTO-CABECERA-150x150.png 150w, https:\/\/nextrackemtb.es\/wp-content\/uploads\/2023\/08\/FOTO-CABECERA-768x768.png 768w\" sizes=\"(max-width: 1080px) 100vw, 1080px\" \/><\/div>\n\t\t<\/a>\n\t\t\t\t<div class=\"elementor-post__text\">\n\t\t\t\t<h3 class=\"elementor-post__title\">\n\t\t\t<a href=\"https:\/\/nextrackemtb.es\/?p=763\" >\n\t\t\t\tCuenca es \u00fanica!!\t\t\t<\/a>\n\t\t<\/h3>\n\t\t\t\t<div class=\"elementor-post__meta-data\">\n\t\t\t\t\t<span class=\"elementor-post-author\">\n\t\t\tMiguel Villena\t\t<\/span>\n\t\t\t\t<span class=\"elementor-post-date\">\n\t\t\t26 de agosto de 2023\t\t<\/span>\n\t\t\t\t<span class=\"elementor-post-time\">\n\t\t\t08:00\t\t<\/span>\n\t\t\t\t<span class=\"elementor-post-avatar\">\n\t\t\tNo hay comentarios\t\t<\/span>\n\t\t\t\t<\/div>\n\t\t\t\t<div class=\"elementor-post__excerpt\">\n\t\t\t<p>\u201cSi a\u00fan albergas alguna duda sobre los encantos de Cuenca, te invito a que te sumerjas en esta maravillosa ciudad y sus alrededores; te garantizo<\/p>\n\t\t<\/div>\n\t\t\t\t\t<div class=\"elementor-post__read-more-wrapper\">\n\t\t\n\t\t<a class=\"elementor-post__read-more\" href=\"https:\/\/nextrackemtb.es\/?p=763\" aria-label=\"M\u00e1s informaci\u00f3n sobre Cuenca es \u00fanica!!\" tabindex=\"-1\" >\n\t\t\tLEER M\u00c1S \u00bb\t\t<\/a>\n\n\t\t\t\t\t<\/div>\n\t\t\t\t<\/div>\n\t\t\t\t<\/article>\n\t\t\t\t<article class=\"elementor-post elementor-grid-item post-419 post type-post status-publish format-standard has-post-thumbnail hentry category-blog category-las-mejores-rutas\">\n\t\t\t\t<a class=\"elementor-post__thumbnail__link\" href=\"https:\/\/nextrackemtb.es\/?p=419\" tabindex=\"-1\" >\n\t\t\t<div class=\"elementor-post__thumbnail\"><img decoding=\"async\" width=\"873\" height=\"741\" src=\"https:\/\/nextrackemtb.es\/wp-content\/uploads\/2023\/07\/Imagen6.jpg\" class=\"attachment-full size-full wp-image-424\" alt=\"\" srcset=\"https:\/\/nextrackemtb.es\/wp-content\/uploads\/2023\/07\/Imagen6.jpg 873w, https:\/\/nextrackemtb.es\/wp-content\/uploads\/2023\/07\/Imagen6-300x255.jpg 300w, https:\/\/nextrackemtb.es\/wp-content\/uploads\/2023\/07\/Imagen6-768x652.jpg 768w\" sizes=\"(max-width: 873px) 100vw, 873px\" \/><\/div>\n\t\t<\/a>\n\t\t\t\t<div class=\"elementor-post__text\">\n\t\t\t\t<h3 class=\"elementor-post__title\">\n\t\t\t<a href=\"https:\/\/nextrackemtb.es\/?p=419\" >\n\t\t\t\tPorta-Coeli-Potrillos\t\t\t<\/a>\n\t\t<\/h3>\n\t\t\t\t<div class=\"elementor-post__meta-data\">\n\t\t\t\t\t<span class=\"elementor-post-author\">\n\t\t\tMiguel Villena\t\t<\/span>\n\t\t\t\t<span class=\"elementor-post-date\">\n\t\t\t4 de agosto de 2023\t\t<\/span>\n\t\t\t\t<span class=\"elementor-post-time\">\n\t\t\t08:00\t\t<\/span>\n\t\t\t\t<span class=\"elementor-post-avatar\">\n\t\t\tNo hay comentarios\t\t<\/span>\n\t\t\t\t<\/div>\n\t\t\t\t<div class=\"elementor-post__excerpt\">\n\t\t\t<p>\u201cRuta ideal para el verano , corta , poco desnivel y muy variada\u201d<\/p>\n\t\t<\/div>\n\t\t\t\t\t<div class=\"elementor-post__read-more-wrapper\">\n\t\t\n\t\t<a class=\"elementor-post__read-more\" href=\"https:\/\/nextrackemtb.es\/?p=419\" aria-label=\"M\u00e1s informaci\u00f3n sobre Porta-Coeli-Potrillos\" tabindex=\"-1\" >\n\t\t\tLEER M\u00c1S \u00bb\t\t<\/a>\n\n\t\t\t\t\t<\/div>\n\t\t\t\t<\/div>\n\t\t\t\t<\/article>\n\t\t\t\t<article class=\"elementor-post elementor-grid-item post-60 post type-post status-publish format-standard has-post-thumbnail hentry category-blog category-las-mejores-rutas\">\n\t\t\t\t<a class=\"elementor-post__thumbnail__link\" href=\"https:\/\/nextrackemtb.es\/?p=60\" tabindex=\"-1\" >\n\t\t\t<div class=\"elementor-post__thumbnail\"><img loading=\"lazy\" decoding=\"async\" width=\"1080\" height=\"1080\" src=\"https:\/\/nextrackemtb.es\/wp-content\/uploads\/2023\/05\/7.png\" class=\"attachment-full size-full wp-image-280\" alt=\"\" srcset=\"https:\/\/nextrackemtb.es\/wp-content\/uploads\/2023\/05\/7.png 1080w, https:\/\/nextrackemtb.es\/wp-content\/uploads\/2023\/05\/7-300x300.png 300w, https:\/\/nextrackemtb.es\/wp-content\/uploads\/2023\/05\/7-1024x1024.png 1024w, https:\/\/nextrackemtb.es\/wp-content\/uploads\/2023\/05\/7-150x150.png 150w, https:\/\/nextrackemtb.es\/wp-content\/uploads\/2023\/05\/7-768x768.png 768w\" sizes=\"(max-width: 1080px) 100vw, 1080px\" \/><\/div>\n\t\t<\/a>\n\t\t\t\t<div class=\"elementor-post__text\">\n\t\t\t\t<h3 class=\"elementor-post__title\">\n\t\t\t<a href=\"https:\/\/nextrackemtb.es\/?p=60\" >\n\t\t\t\tAl anochecer&#8230;\t\t\t<\/a>\n\t\t<\/h3>\n\t\t\t\t<div class=\"elementor-post__meta-data\">\n\t\t\t\t\t<span class=\"elementor-post-author\">\n\t\t\tMiguel Villena\t\t<\/span>\n\t\t\t\t<span class=\"elementor-post-date\">\n\t\t\t11 de julio de 2023\t\t<\/span>\n\t\t\t\t<span class=\"elementor-post-time\">\n\t\t\t18:00\t\t<\/span>\n\t\t\t\t<span class=\"elementor-post-avatar\">\n\t\t\tNo hay comentarios\t\t<\/span>\n\t\t\t\t<\/div>\n\t\t\t\t<div class=\"elementor-post__excerpt\">\n\t\t\t<p>Estamos en verano y en plena ola de calor, que mejor que organizar una salidita al anochecer donde empezamos a ver unos contrastes de luz espectaculares y el term\u00f3metro va descendiendo poco a poco en busca de temperaturas m\u00e1s agradables.<\/p>\n\t\t<\/div>\n\t\t\t\t\t<div class=\"elementor-post__read-more-wrapper\">\n\t\t\n\t\t<a class=\"elementor-post__read-more\" href=\"https:\/\/nextrackemtb.es\/?p=60\" aria-label=\"M\u00e1s informaci\u00f3n sobre Al anochecer&#8230;\" tabindex=\"-1\" >\n\t\t\tLEER M\u00c1S \u00bb\t\t<\/a>\n\n\t\t\t\t\t<\/div>\n\t\t\t\t<\/div>\n\t\t\t\t<\/article>\n\t\t\t\t<\/div>\n\t\t\n\t\t\t\t<\/div>\n\t\t\t\t<\/div>\n\t\t\t\t\t<\/div>\n\t\t<\/div>\n\t\t\t\t\t\t\t<\/div>\n\t\t<\/section>\n\t\t\t\t\t\t\t<\/div>\n\t\t","protected":false},"excerpt":{"rendered":"","protected":false},"author":1,"featured_media":0,"parent":0,"menu_order":0,"comment_status":"closed","ping_status":"closed","template":"elementor_theme","meta":{"footnotes":""},"_links":{"self":[{"href":"https:\/\/nextrackemtb.es\/index.php?rest_route=\/wp\/v2\/pages\/66"}],"collection":[{"href":"https:\/\/nextrackemtb.es\/index.php?rest_route=\/wp\/v2\/pages"}],"about":[{"href":"https:\/\/nextrackemtb.es\/index.php?rest_route=\/wp\/v2\/types\/page"}],"author":[{"embeddable":true,"href":"https:\/\/nextrackemtb.es\/index.php?rest_route=\/wp\/v2\/users\/1"}],"replies":[{"embeddable":true,"href":"https:\/\/nextrackemtb.es\/index.php?rest_route=%2Fwp%2Fv2%2Fcomments&post=66"}],"version-history":[{"count":9,"href":"https:\/\/nextrackemtb.es\/index.php?rest_route=\/wp\/v2\/pages\/66\/revisions"}],"predecessor-version":[{"id":986,"href":"https:\/\/nextrackemtb.es\/index.php?rest_route=\/wp\/v2\/pages\/66\/revisions\/986"}],"wp:attachment":[{"href":"https:\/\/nextrackemtb.es\/index.php?rest_route=%2Fwp%2Fv2%2Fmedia&parent=66"}],"curies":[{"name":"wp","href":"https:\/\/api.w.org\/{rel}","templated":true}]}}