{"id":68,"date":"2023-07-06T06:23:53","date_gmt":"2023-07-06T06:23:53","guid":{"rendered":"https:\/\/nextrackemtb.es\/?page_id=68"},"modified":"2023-09-19T15:45:23","modified_gmt":"2023-09-19T15:45:23","slug":"videos","status":"publish","type":"page","link":"https:\/\/nextrackemtb.es\/?page_id=68","title":{"rendered":"Videos"},"content":{"rendered":"\n<p><strong>Aqu\u00ed encontrar\u00e9is un selecci\u00f3n de v\u00eddeos que me han parecido graciosos o interesantes.<\/strong><\/p>\n\n\n\n<figure class=\"wp-block-image size-full\"><img decoding=\"async\" width=\"363\" height=\"86\" src=\"https:\/\/nextrackemtb.es\/wp-content\/uploads\/2023\/07\/Enjoy-verda-blanco-1.jpg\" alt=\"\" class=\"wp-image-146\" srcset=\"https:\/\/nextrackemtb.es\/wp-content\/uploads\/2023\/07\/Enjoy-verda-blanco-1.jpg 363w, https:\/\/nextrackemtb.es\/wp-content\/uploads\/2023\/07\/Enjoy-verda-blanco-1-300x71.jpg 300w\" sizes=\"(max-width: 363px) 100vw, 363px\" \/><\/figure>\n\n\n\n<div class=\"wp-block-columns is-layout-flex wp-container-core-columns-layout-1 wp-block-columns-is-layout-flex\">\n<div class=\"wp-block-column is-layout-flow wp-block-column-is-layout-flow\">\n<figure class=\"wp-block-video aligncenter\"><video controls src=\"https:\/\/nextrackemtb.es\/wp-content\/uploads\/2023\/07\/V1-como-convertir.mp4\"><\/video><\/figure>\n\n\n\n<h2 class=\"wp-block-heading has-text-align-center\">Como convertir una MTB a SingleSpeed<\/h2>\n<\/div>\n\n\n\n<div class=\"wp-block-column is-layout-flow wp-block-column-is-layout-flow\">\n<figure class=\"wp-block-video aligncenter\"><video controls src=\"https:\/\/nextrackemtb.es\/wp-content\/uploads\/2023\/07\/v2-ostiazo.mp4\"><\/video><\/figure>\n\n\n\n<h2 class=\"wp-block-heading has-text-align-center\">\u00a1\u00a1 Vaya ostiazo !!<\/h2>\n<\/div>\n\n\n\n<div class=\"wp-block-column is-layout-flow wp-block-column-is-layout-flow\">\n<figure class=\"wp-block-video\"><video controls src=\"https:\/\/nextrackemtb.es\/wp-content\/uploads\/2023\/07\/v3-Matt-Jones.mp4\"><\/video><\/figure>\n\n\n\n<h2 class=\"wp-block-heading has-text-align-center\">Matt Jones<\/h2>\n<\/div>\n<\/div>\n\n\n\n<div class=\"wp-block-columns is-layout-flex wp-container-core-columns-layout-2 wp-block-columns-is-layout-flex\">\n<div class=\"wp-block-column is-layout-flow wp-block-column-is-layout-flow\">\n<figure class=\"wp-block-embed aligncenter is-type-video is-provider-youtube wp-block-embed-youtube wp-embed-aspect-16-9 wp-has-aspect-ratio\"><div class=\"wp-block-embed__wrapper\">\n<iframe title=\"The Flow is yours \u2013 Bosch Performance Line SX\" width=\"800\" height=\"450\" src=\"https:\/\/www.youtube.com\/embed\/8XrdHE4b3yI?feature=oembed\" frameborder=\"0\" allow=\"accelerometer; autoplay; clipboard-write; encrypted-media; gyroscope; picture-in-picture; web-share\" allowfullscreen><\/iframe>\n<\/div><\/figure>\n\n\n\n<h2 class=\"wp-block-heading has-text-align-center\">Performance Line SX<\/h2>\n<\/div>\n<\/div>\n\n\n\n<div class=\"wp-block-columns is-layout-flex wp-container-core-columns-layout-3 wp-block-columns-is-layout-flex\">\n<div class=\"wp-block-column is-layout-flow wp-block-column-is-layout-flow\">\n<figure class=\"wp-block-video\"><video controls src=\"https:\/\/nextrackemtb.es\/wp-content\/uploads\/2023\/07\/las-e-bike-no-cansan-1.mp4\"><\/video><\/figure>\n\n\n\n<h2 class=\"wp-block-heading has-text-align-center\">Las e-bike no cansan<\/h2>\n<\/div>\n\n\n\n<div class=\"wp-block-column is-layout-flow wp-block-column-is-layout-flow\">\n<figure class=\"wp-block-video\"><video controls src=\"https:\/\/nextrackemtb.es\/wp-content\/uploads\/2023\/07\/cadena.mp4\"><\/video><\/figure>\n<\/div>\n\n\n\n<div class=\"wp-block-column is-layout-flow wp-block-column-is-layout-flow\">\n<figure class=\"wp-block-video\"><video controls src=\"https:\/\/nextrackemtb.es\/wp-content\/uploads\/2023\/07\/bici-wapa.mp4\"><\/video><\/figure>\n\n\n\n<h2 class=\"wp-block-heading has-text-align-center\">e-bike wapa!!<\/h2>\n<\/div>\n<\/div>\n\n\n\n<div class=\"wp-block-columns is-layout-flex wp-container-core-columns-layout-4 wp-block-columns-is-layout-flex\">\n<div class=\"wp-block-column is-layout-flow wp-block-column-is-layout-flow\">\n<figure class=\"wp-block-video\"><video controls src=\"https:\/\/nextrackemtb.es\/wp-content\/uploads\/2023\/07\/7-Bucicletas-electricas-comodas-para-bajar.mp4\"><\/video><\/figure>\n\n\n\n<h2 class=\"wp-block-heading has-text-align-center\">Son las e-bikes c\u00f3modas para bajar?<\/h2>\n<\/div>\n\n\n\n<div class=\"wp-block-column is-layout-flow wp-block-column-is-layout-flow\">\n<figure class=\"wp-block-video\"><video controls src=\"https:\/\/nextrackemtb.es\/wp-content\/uploads\/2023\/07\/v8-pasos-para-cargar-e-bike.mp4\"><\/video><\/figure>\n\n\n\n<h2 class=\"wp-block-heading has-text-align-center\">Pasos para cargar una e-bike<\/h2>\n<\/div>\n\n\n\n<div class=\"wp-block-column is-layout-flow wp-block-column-is-layout-flow\">\n<figure class=\"wp-block-video\"><video controls src=\"https:\/\/nextrackemtb.es\/wp-content\/uploads\/2023\/07\/mtbs_memes_20230726_2.mp4\"><\/video><\/figure>\n<\/div>\n<\/div>\n\n\n\n<div class=\"wp-block-columns is-layout-flex wp-container-core-columns-layout-5 wp-block-columns-is-layout-flex\">\n<div class=\"wp-block-column is-layout-flow wp-block-column-is-layout-flow\">\n<figure class=\"wp-block-video\"><video controls src=\"https:\/\/nextrackemtb.es\/wp-content\/uploads\/2023\/07\/christian.peper_20230726_4.mp4\"><\/video><\/figure>\n<\/div>\n\n\n\n<div class=\"wp-block-column is-layout-flow wp-block-column-is-layout-flow\">\n<figure class=\"wp-block-video\"><video controls src=\"https:\/\/nextrackemtb.es\/wp-content\/uploads\/2023\/07\/mtbfeeling_20230726_3.mp4\"><\/video><\/figure>\n<\/div>\n\n\n\n<div class=\"wp-block-column is-layout-flow wp-block-column-is-layout-flow\">\n<figure class=\"wp-block-video\"><video controls src=\"https:\/\/nextrackemtb.es\/wp-content\/uploads\/2023\/07\/wheres_claire_now_20230726_5.mp4\"><\/video><\/figure>\n<\/div>\n<\/div>\n\n\n\n<div class=\"wp-block-columns is-layout-flex wp-container-core-columns-layout-6 wp-block-columns-is-layout-flex\">\n<div class=\"wp-block-column is-layout-flow wp-block-column-is-layout-flow\">\n<figure class=\"wp-block-video\"><video controls src=\"https:\/\/nextrackemtb.es\/wp-content\/uploads\/2023\/08\/XC-DC-vs-ENDURO-1.mp4\"><\/video><\/figure>\n\n\n\n<h2 class=\"wp-block-heading has-text-align-center\">XC DC vs ENDURO<\/h2>\n<\/div>\n\n\n\n<div class=\"wp-block-column is-layout-flow wp-block-column-is-layout-flow\">\n<figure class=\"wp-block-video\"><video controls src=\"http:\/\/nextrackemtb.es\/wp-content\/uploads\/2023\/08\/engrasar-cadena.mp4\"><\/video><\/figure>\n\n\n\n<h2 class=\"wp-block-heading has-text-align-center\">Con qu\u00e9 engrasar la cadena&#8230;?<\/h2>\n<\/div>\n\n\n\n<div class=\"wp-block-column is-layout-flow wp-block-column-is-layout-flow\">\n<figure class=\"wp-block-video\"><video controls src=\"http:\/\/nextrackemtb.es\/wp-content\/uploads\/2023\/09\/Es-un-charco-de-nada.mp4\"><\/video><\/figure>\n\n\n\n<h2 class=\"wp-block-heading has-text-align-center\">&#8230; es un charquito de nada !<\/h2>\n<\/div>\n<\/div>\n\n\n\n<div class=\"wp-block-columns is-layout-flex wp-container-core-columns-layout-7 wp-block-columns-is-layout-flex\">\n<div class=\"wp-block-column is-layout-flow wp-block-column-is-layout-flow\">\n<figure class=\"wp-block-video\"><video controls src=\"http:\/\/nextrackemtb.es\/wp-content\/uploads\/2023\/09\/Se-la-pega.-o-no.mp4\"><\/video><\/figure>\n\n\n\n<h2 class=\"wp-block-heading has-text-align-center\">Se la pega&#8230; o no?<\/h2>\n<\/div>\n\n\n\n<div class=\"wp-block-column is-layout-flow wp-block-column-is-layout-flow\">\n<figure class=\"wp-block-video\"><video controls src=\"http:\/\/nextrackemtb.es\/wp-content\/uploads\/2023\/09\/Mark-Matthews-Se-veia-venir.mp4\"><\/video><\/figure>\n\n\n\n<h2 class=\"wp-block-heading has-text-align-center\">Mark Matthews<\/h2>\n\n\n\n<h2 class=\"wp-block-heading has-text-align-center\">&#8230; se ve\u00eda venir !!<\/h2>\n<\/div>\n\n\n\n<div class=\"wp-block-column is-layout-flow wp-block-column-is-layout-flow\"><\/div>\n<\/div>\n","protected":false},"excerpt":{"rendered":"<p>Aqu\u00ed encontrar\u00e9is un selecci\u00f3n de v\u00eddeos que me han parecido graciosos o interesantes. Como convertir una MTB a SingleSpeed \u00a1\u00a1 Vaya ostiazo !! Matt Jones Performance Line SX Las e-bike no cansan e-bike wapa!! Son las e-bikes c\u00f3modas para bajar? Pasos para cargar una e-bike XC DC vs ENDURO Con qu\u00e9 engrasar la cadena&#8230;? &#8230; [&hellip;]<\/p>\n","protected":false},"author":2,"featured_media":0,"parent":11,"menu_order":0,"comment_status":"closed","ping_status":"closed","template":"elementor_theme","meta":{"footnotes":""},"_links":{"self":[{"href":"https:\/\/nextrackemtb.es\/index.php?rest_route=\/wp\/v2\/pages\/68"}],"collection":[{"href":"https:\/\/nextrackemtb.es\/index.php?rest_route=\/wp\/v2\/pages"}],"about":[{"href":"https:\/\/nextrackemtb.es\/index.php?rest_route=\/wp\/v2\/types\/page"}],"author":[{"embeddable":true,"href":"https:\/\/nextrackemtb.es\/index.php?rest_route=\/wp\/v2\/users\/2"}],"replies":[{"embeddable":true,"href":"https:\/\/nextrackemtb.es\/index.php?rest_route=%2Fwp%2Fv2%2Fcomments&post=68"}],"version-history":[{"count":28,"href":"https:\/\/nextrackemtb.es\/index.php?rest_route=\/wp\/v2\/pages\/68\/revisions"}],"predecessor-version":[{"id":999,"href":"https:\/\/nextrackemtb.es\/index.php?rest_route=\/wp\/v2\/pages\/68\/revisions\/999"}],"up":[{"embeddable":true,"href":"https:\/\/nextrackemtb.es\/index.php?rest_route=\/wp\/v2\/pages\/11"}],"wp:attachment":[{"href":"https:\/\/nextrackemtb.es\/index.php?rest_route=%2Fwp%2Fv2%2Fmedia&parent=68"}],"curies":[{"name":"wp","href":"https:\/\/api.w.org\/{rel}","templated":true}]}}